{"id":834,"date":"2023-01-26T23:26:30","date_gmt":"2023-01-26T22:26:30","guid":{"rendered":"https:\/\/www.chateaudelaubade.com\/family\/"},"modified":"2026-03-11T09:57:48","modified_gmt":"2026-03-11T08:57:48","slug":"family","status":"publish","type":"page","link":"https:\/\/www.chateaudelaubade.com\/en\/","title":{"rendered":"FAMILY"},"content":{"rendered":"<div class=\"prehome\">\n<div><img loading=\"lazy\" decoding=\"async\" src=\"https:\/\/www.chateaudelaubade.com\/file\/2023\/03\/logo_laubade.png\" alt=\"\" width=\"300\" height=\"75\" class=\"alignnone size-full wp-image-48\" \/><br \/>INVENTING TOMORROW&#8217;S ARMAGNAC<span>SCROLL<\/span>  <\/div>\n<\/div>\n<div class=\"parallax famille\">\n<div class=\"arrow\"><span><\/span><span><\/span><span><\/span><\/div>\n<\/div>\n<div class=\"bloc\">\n<div data-aos=\"fade-up\" data-aos-duration=\"800\" class=\"aos-init aos-animate img denis\">\n<img loading=\"lazy\" decoding=\"async\" class=\"denis\" src=\"https:\/\/www.chateaudelaubade.com\/file\/2023\/03\/denis-lesgourgues.jpg\" alt=\"Denis Lesgourgues Ch\u00e2teau de Laubade\" width=\"1280\" height=\"1280\" class=\"alignnone size-full wp-image-520\" srcset=\"https:\/\/www.chateaudelaubade.com\/file\/2023\/03\/denis-lesgourgues.jpg 1280w, https:\/\/www.chateaudelaubade.com\/file\/2023\/03\/denis-lesgourgues-300x300.jpg 300w, https:\/\/www.chateaudelaubade.com\/file\/2023\/03\/denis-lesgourgues-1024x1024.jpg 1024w, https:\/\/www.chateaudelaubade.com\/file\/2023\/03\/denis-lesgourgues-150x150.jpg 150w, https:\/\/www.chateaudelaubade.com\/file\/2023\/03\/denis-lesgourgues-768x768.jpg 768w\" sizes=\"auto, (max-width: 1280px) 100vw, 1280px\" \/>\n<\/div>\n<div data-aos=\"fade-up\" data-aos-duration=\"800\" class=\"aos-init aos-animate text\">\n<div>\n<h1>Ch\u00e2teau de Laubade <\/h1>\n<h2>Founded in 1870<\/h2>\n<p>Ch\u00e2teau de Laubade is an agricultural and winegrowing estate located in Sorbets, in the Gers, in the heart of the finest Bas Armagnac terroir. The 80-hectare estate in a single block around the ch\u00e2teau, built in 1870, has been in the Lesgourgues family for three generations. Today, Denis, assisted by his sister, Jeanne, and brother, Arnaud, continue their family\u2019s constant striving for excellence, with the aim of producing the most outstanding Armagnacs.<\/p>\n<p>Today, the Lesgourgues family\u2019s legendary Armagnacs are created using ancient craft methods, while maintaining a constant spirit of innovation and environmental responsibility.<\/p>\n<p>A benchmark in France and in over 50 countries, on the finest tables and the most prestigious hotels, bars and wine shops in the world, the magnificent mansion has witnessed over 150 years of history.<br \/>\nOwned by well-known figures of the late 19th century, like its founder Joseph Noulens, an eminent French stateman, and his wife, Jeanne Paquin, a famous Parisian fashion designer, Ch\u00e2teau de Laubade has withstood the test of time, combining tradition and modernity. Logically, the estate is one of the first three Armagnac houses to be awarded with the <em>Entreprise du Patrimoine Vivant<\/em> certificate in 2015 and has held <em>ISO 9001<\/em> quality assurance since 2008.<\/p>\n<p>Named Spirit of the Year 2020 by <em>La Revue des Vins de France<\/em>, Ch\u00e2teau de Laubade is the most awarded Armagnac house with 250 accolades in the most prestigious competitions in France and around the world such as <em>Talents de l\u2019Armagnac in Eauze, Concours G\u00e9n\u00e9ral Agricole in Paris, San Francisco World Spirits Competition (USA), Ultimate Beverage Challenge (NY, USA), International Wine and Spirits Competition and International Spirits Challenge (London) and the World Spirits Awards.<\/em><\/p>\n<\/div>\n<\/div>\n<\/div>\n<div class=\"bloc\">\n<div data-aos=\"fade-up\" data-aos-duration=\"800\" class=\"aos-init aos-animate text\">\n<div>\n<h2>Sustainable winegrowing<\/h2>\n<p>The vineyard is planted on gentle slopes, where the soils contain high proportions of tawny sand and sandy clay, characteristic of the greatest Bas Armagnac terroirs. Respect for nature is an obvious principle and has always been a fundamental value in the estate\u2019s production philosophy. Many initiatives implemented by the Lesgourgues family over nearly 50 years have focused on sustainable pest control as a key factor in vineyard management. Soil biodiversity is promoted by using green manure in our vineyards and mechanical weeding under the rows, as well as improving the soil by growing cereals.<\/p>\n<p>This virtuous, sustainable model is supported by initiatives such as keeping a flock of 600 sheep to produce organic manure and the bold choice of using Baco, a grape variety resistant to vine diseases. Finally, no fewer than 15 hectares of Gascony oak and 10 hectares of poplars make a major contribution to the sustainability of this approach, while reducing the estate\u2019s carbon footprint.<\/p>\n<\/div>\n<\/div>\n<div data-aos=\"fade-up\" data-aos-duration=\"800\" class=\"aos-init aos-animate img\">\n<img loading=\"lazy\" decoding=\"async\" src=\"https:\/\/www.chateaudelaubade.com\/file\/2023\/05\/culture-raisonnee.jpg\" alt=\"\" width=\"1280\" height=\"1280\" class=\"alignnone size-full wp-image-63\" \/>\n<\/div>\n<\/div>\n<div class=\"bloc\">\n<div data-aos=\"fade-up\" data-aos-duration=\"800\" class=\"aos-init aos-animate img\">\n<img loading=\"lazy\" decoding=\"async\" src=\"https:\/\/www.chateaudelaubade.com\/file\/2023\/05\/art-distiller.jpg\" alt=\"\" width=\"1280\" height=\"1280\" class=\"alignnone size-full wp-image-1124\" srcset=\"https:\/\/www.chateaudelaubade.com\/file\/2023\/05\/art-distiller.jpg 1280w, https:\/\/www.chateaudelaubade.com\/file\/2023\/05\/art-distiller-300x300.jpg 300w, https:\/\/www.chateaudelaubade.com\/file\/2023\/05\/art-distiller-1024x1024.jpg 1024w, https:\/\/www.chateaudelaubade.com\/file\/2023\/05\/art-distiller-150x150.jpg 150w, https:\/\/www.chateaudelaubade.com\/file\/2023\/05\/art-distiller-768x768.jpg 768w\" sizes=\"auto, (max-width: 1280px) 100vw, 1280px\" \/>\n<\/div>\n<div data-aos=\"fade-up\" data-aos-duration=\"800\" class=\"aos-init aos-animate text\">\n<div>\n<h2>The art of distillation<\/h2>\n<p>White wines with no added sulfites are distilled just after alcoholic fermentation to retain their full aromatic potential, in a single \u201cArmagnac-style\u201d still, custom-built in 1974. <\/p>\n<p>Each of the six grape varieties grown on the estate, including Baco, Ugni Blanc, Folle Blanche, and Colombard goes through this \u201csingle continuous distillation\u201d process separately, controlled by our in-house distillers. Distillation follows the precise specifications of the cellarmaster, adapted to the characteristics of each vintage. The objective is to maximize the extraction of organoleptic compounds, thanks to exchanges between the wine and alcohol vapor in the distillation column. The alcohol content of the distillate is controlled by tasting and adapted to suit each grape variety.<\/p>\n<\/div>\n<\/div>\n<\/div>\n<div class=\"bloc\">\n<div data-aos=\"fade-up\" data-aos-duration=\"800\" class=\"aos-init aos-animate text\">\n<div>\n<h2>Aging &#038; Patience<\/h2>\n<p>Everything started with the initial vision of Maurice Lesgourgues, who decided that the eaux-de-vie should be aged for a long time before bottling, in order to obtain the highest-quality Armagnac. Patience\u2026 to ensure excellence! Optimum aging of the eaux-de-vie is a demanding process, requiring perfect control at every stage and extreme attention to detail. <\/p>\n<p>First of all, Ch\u00e2teau de Laubade selects and seasons stave wood from Gascony pedunculate oaks on the estate, which is then custom-crafted into barrels by local coopers. Then, the greatest care is taken during the eaux-de-vie aging phase: regular aeration and alternating periods in cellars with lower and higher humidity, new and older barrels, etc. Wine spirits from different grape varieties and vintages are aged separately, in nearly 3,000 420-liter barrels in the nine on-site aging cellars. <\/p>\n<p>Fran\u00e7ois Laura, the house\u2019s Cellar Master and the Lesgourgues family taste each batch regularly to select them for blending once they reach their peak. Guaranteeing full traceability of the eaux-de-vie d\u2019Armagnac and transparency for consumers is standard practice at this estate. Consequently, each bottle and decanter are systematically labelled with the bottling date and batch number.<\/p>\n<\/div>\n<\/div>\n<div data-aos=\"fade-up\" data-aos-duration=\"800\" class=\"aos-init aos-animate img\">\n<img loading=\"lazy\" decoding=\"async\" src=\"https:\/\/www.chateaudelaubade.com\/file\/2023\/02\/elevage_patience.jpg\" alt=\"\u00c9levage et Patience Ch\u00e2teau de Laubade\" width=\"1280\" height=\"1280\" class=\"alignnone size-full wp-image-59\" srcset=\"https:\/\/www.chateaudelaubade.com\/file\/2023\/02\/elevage_patience.jpg 1280w, https:\/\/www.chateaudelaubade.com\/file\/2023\/02\/elevage_patience-300x300.jpg 300w, https:\/\/www.chateaudelaubade.com\/file\/2023\/02\/elevage_patience-1024x1024.jpg 1024w, https:\/\/www.chateaudelaubade.com\/file\/2023\/02\/elevage_patience-150x150.jpg 150w, https:\/\/www.chateaudelaubade.com\/file\/2023\/02\/elevage_patience-768x768.jpg 768w\" sizes=\"auto, (max-width: 1280px) 100vw, 1280px\" \/>\n<\/div>\n<\/div>\n<div class=\"bloc\">\n<div data-aos=\"fade-up\" data-aos-duration=\"800\" class=\"aos-init aos-animate img\">\n<img loading=\"lazy\" decoding=\"async\" src=\"https:\/\/www.chateaudelaubade.com\/file\/2023\/02\/art-distiller.jpg\" alt=\"\" width=\"1280\" height=\"1280\" class=\"alignnone size-full wp-image-1124\" \/>\n<\/div>\n<div data-aos=\"fade-up\" data-aos-duration=\"800\" class=\"aos-init aos-animate text\">\n<div>\n<h2>Inventing tomorrow&#8217;s Armagnac<\/h2>\n<p>Today, this alliance between tradition and innovation has contributed to the global recognition of Ch\u00e2teau de Laubade Armagnac. <\/p>\n<p>Ch\u00e2teau de Laubade not only defends the traditions of Gascony in the Bas Armagnac area, but also has a long history of innovation in its production and distribution philosophy. The Lesgourgues family fosters this spirit of innovation with the goal of inventing the Armagnac of the future. They have focused particularly on reintroducing indigenous grape varieties (Baco and Plant de Graisse), the unusual practice of aging in foreign barrels, and, finally, their talent for developing new high-end blends. <\/p>\n<p>The Armagnac of the future will be irreproachable in terms of its eco-friendly approach, ensuring the satisfaction of those who make it, reducing its carbon footprint, and providing unrivalled enjoyment to connoisseurs around the world. This is what the Lesgourgues family strive for unceasingly, day by day, year after year, boosted by the consumer confidence they have built up over three generations.<\/p>\n<\/div>\n<\/div>\n<\/div>\n","protected":false},"excerpt":{"rendered":"<p>INVENTING TOMORROW&#8217;S ARMAGNACSCROLL Ch\u00e2teau de Laubade Founded in 1870 Ch\u00e2teau de Laubade is an agricultural and winegrowing estate located in Sorbets, in the Gers, in the heart of the finest Bas Armagnac terroir. The 80-hectare estate in a single block around the ch\u00e2teau, built in 1870, has been in the Lesgourgues family for three generations. [&hellip;]<\/p>\n","protected":false},"author":1,"featured_media":0,"parent":0,"menu_order":0,"comment_status":"closed","ping_status":"closed","template":"","meta":{"footnotes":""},"class_list":["post-834","page","type-page","status-publish","hentry"],"yoast_head":" \n<title>Ch\u00e2teau De Laubade, Family property in Bas Armagnac<\/title>\n<meta name=\"description\" content=\"Ch\u00e2teau de Laubade, built in 1870, is today the first Armagnac estate to have 105 hectares of vines in a single block.\" \/>\n<meta name=\"robots\" content=\"index, follow, max-snippet:-1, max-image-preview:large, max-video-preview:-1\" \/>\n<link rel=\"canonical\" href=\"https:\/\/www.chateaudelaubade.com\/en\/\" \/>\n<meta property=\"og:locale\" content=\"en_US\" \/>\n<meta property=\"og:type\" content=\"article\" \/>\n<meta property=\"og:title\" content=\"Ch\u00e2teau De Laubade, Family property in Bas Armagnac\" \/>\n<meta property=\"og:description\" content=\"Ch\u00e2teau de Laubade, built in 1870, is today the first Armagnac estate to have 105 hectares of vines in a single block.\" \/>\n<meta property=\"og:url\" content=\"https:\/\/www.chateaudelaubade.com\/en\/\" \/>\n<meta property=\"og:site_name\" content=\"Ch\u00e2teau De Laubade, Propri\u00e9t\u00e9 familiale en Bas Armagnac\" \/>\n<meta property=\"article:modified_time\" content=\"2026-03-11T08:57:48+00:00\" \/>\n<meta property=\"og:image\" content=\"https:\/\/www.chateaudelaubade.com\/file\/2023\/02\/logo_laubade.png\" \/>\n\t<meta property=\"og:image:width\" content=\"2400\" \/>\n\t<meta property=\"og:image:height\" content=\"600\" \/>\n\t<meta property=\"og:image:type\" content=\"image\/png\" \/>\n<meta name=\"twitter:card\" content=\"summary_large_image\" \/>\n<meta name=\"twitter:label1\" content=\"Est. reading time\" \/>\n\t<meta name=\"twitter:data1\" content=\"6 minutes\" \/>\n<script type=\"application\/ld+json\" class=\"yoast-schema-graph\">{\"@context\":\"https:\\\/\\\/schema.org\",\"@graph\":[{\"@type\":\"WebPage\",\"@id\":\"https:\\\/\\\/www.chateaudelaubade.com\\\/en\\\/\",\"url\":\"https:\\\/\\\/www.chateaudelaubade.com\\\/en\\\/\",\"name\":\"Ch\u00e2teau De Laubade, Family property in Bas Armagnac\",\"isPartOf\":{\"@id\":\"https:\\\/\\\/www.chateaudelaubade.com\\\/#website\"},\"primaryImageOfPage\":{\"@id\":\"https:\\\/\\\/www.chateaudelaubade.com\\\/en\\\/#primaryimage\"},\"image\":{\"@id\":\"https:\\\/\\\/www.chateaudelaubade.com\\\/en\\\/#primaryimage\"},\"thumbnailUrl\":\"https:\\\/\\\/www.chateaudelaubade.com\\\/inc\\\/uploads\\\/2023\\\/03\\\/logo_laubade.png\",\"datePublished\":\"2023-01-26T22:26:30+00:00\",\"dateModified\":\"2026-03-11T08:57:48+00:00\",\"description\":\"Ch\u00e2teau de Laubade, built in 1870, is today the first Armagnac estate to have 105 hectares of vines in a single block.\",\"breadcrumb\":{\"@id\":\"https:\\\/\\\/www.chateaudelaubade.com\\\/en\\\/#breadcrumb\"},\"inLanguage\":\"en-US\",\"potentialAction\":[{\"@type\":\"ReadAction\",\"target\":[\"https:\\\/\\\/www.chateaudelaubade.com\\\/en\\\/\"]}]},{\"@type\":\"ImageObject\",\"inLanguage\":\"en-US\",\"@id\":\"https:\\\/\\\/www.chateaudelaubade.com\\\/en\\\/#primaryimage\",\"url\":\"https:\\\/\\\/www.chateaudelaubade.com\\\/inc\\\/uploads\\\/2023\\\/03\\\/logo_laubade.png\",\"contentUrl\":\"https:\\\/\\\/www.chateaudelaubade.com\\\/inc\\\/uploads\\\/2023\\\/03\\\/logo_laubade.png\"},{\"@type\":\"BreadcrumbList\",\"@id\":\"https:\\\/\\\/www.chateaudelaubade.com\\\/en\\\/#breadcrumb\",\"itemListElement\":[{\"@type\":\"ListItem\",\"position\":1,\"name\":\"Accueil\",\"item\":\"https:\\\/\\\/www.chateaudelaubade.com\\\/en\\\/\"},{\"@type\":\"ListItem\",\"position\":2,\"name\":\"FAMILY\"}]},{\"@type\":\"WebSite\",\"@id\":\"https:\\\/\\\/www.chateaudelaubade.com\\\/#website\",\"url\":\"https:\\\/\\\/www.chateaudelaubade.com\\\/\",\"name\":\"Ch\u00e2teau De Laubade, Propri\u00e9t\u00e9 familiale en Bas-Armagnac\",\"description\":\"Le Ch\u00e2teau de Laubade, b\u00e2ti en 1870, est aujourd&#039;hui la premi\u00e8re propri\u00e9t\u00e9 d&#039;Armagnac constitu\u00e9e de 105 hectares de vignes d&#039;un seul tenant.\",\"publisher\":{\"@id\":\"https:\\\/\\\/www.chateaudelaubade.com\\\/#organization\"},\"potentialAction\":[{\"@type\":\"SearchAction\",\"target\":{\"@type\":\"EntryPoint\",\"urlTemplate\":\"https:\\\/\\\/www.chateaudelaubade.com\\\/?s={search_term_string}\"},\"query-input\":{\"@type\":\"PropertyValueSpecification\",\"valueRequired\":true,\"valueName\":\"search_term_string\"}}],\"inLanguage\":\"en-US\"},{\"@type\":\"Organization\",\"@id\":\"https:\\\/\\\/www.chateaudelaubade.com\\\/#organization\",\"name\":\"Ch\u00e2teau De Laubade, Propri\u00e9t\u00e9 familiale en Bas-Armagnac\",\"url\":\"https:\\\/\\\/www.chateaudelaubade.com\\\/\",\"logo\":{\"@type\":\"ImageObject\",\"inLanguage\":\"en-US\",\"@id\":\"https:\\\/\\\/www.chateaudelaubade.com\\\/#\\\/schema\\\/logo\\\/image\\\/\",\"url\":\"https:\\\/\\\/www.chateaudelaubade.com\\\/inc\\\/uploads\\\/2023\\\/02\\\/favicon.png\",\"contentUrl\":\"https:\\\/\\\/www.chateaudelaubade.com\\\/inc\\\/uploads\\\/2023\\\/02\\\/favicon.png\",\"width\":512,\"height\":512,\"caption\":\"Ch\u00e2teau De Laubade, Propri\u00e9t\u00e9 familiale en Bas-Armagnac\"},\"image\":{\"@id\":\"https:\\\/\\\/www.chateaudelaubade.com\\\/#\\\/schema\\\/logo\\\/image\\\/\"}}]}<\/script>\n ","yoast_head_json":{"title":"Ch\u00e2teau De Laubade, Family property in Bas Armagnac","description":"Ch\u00e2teau de Laubade, built in 1870, is today the first Armagnac estate to have 105 hectares of vines in a single block.","robots":{"index":"index","follow":"follow","max-snippet":"max-snippet:-1","max-image-preview":"max-image-preview:large","max-video-preview":"max-video-preview:-1"},"canonical":"https:\/\/www.chateaudelaubade.com\/en\/","og_locale":"en_US","og_type":"article","og_title":"Ch\u00e2teau De Laubade, Family property in Bas Armagnac","og_description":"Ch\u00e2teau de Laubade, built in 1870, is today the first Armagnac estate to have 105 hectares of vines in a single block.","og_url":"https:\/\/www.chateaudelaubade.com\/en\/","og_site_name":"Ch\u00e2teau De Laubade, Propri\u00e9t\u00e9 familiale en Bas Armagnac","article_modified_time":"2026-03-11T08:57:48+00:00","og_image":[{"width":2400,"height":600,"url":"https:\/\/www.chateaudelaubade.com\/file\/2023\/02\/logo_laubade.png","type":"image\/png"}],"twitter_card":"summary_large_image","twitter_misc":{"Est. reading time":"6 minutes"},"schema":{"@context":"https:\/\/schema.org","@graph":[{"@type":"WebPage","@id":"https:\/\/www.chateaudelaubade.com\/en\/","url":"https:\/\/www.chateaudelaubade.com\/en\/","name":"Ch\u00e2teau De Laubade, Family property in Bas Armagnac","isPartOf":{"@id":"https:\/\/www.chateaudelaubade.com\/#website"},"primaryImageOfPage":{"@id":"https:\/\/www.chateaudelaubade.com\/en\/#primaryimage"},"image":{"@id":"https:\/\/www.chateaudelaubade.com\/en\/#primaryimage"},"thumbnailUrl":"https:\/\/www.chateaudelaubade.com\/file\/2023\/03\/logo_laubade.png","datePublished":"2023-01-26T22:26:30+00:00","dateModified":"2026-03-11T08:57:48+00:00","description":"Ch\u00e2teau de Laubade, built in 1870, is today the first Armagnac estate to have 105 hectares of vines in a single block.","breadcrumb":{"@id":"https:\/\/www.chateaudelaubade.com\/en\/#breadcrumb"},"inLanguage":"en-US","potentialAction":[{"@type":"ReadAction","target":["https:\/\/www.chateaudelaubade.com\/en\/"]}]},{"@type":"ImageObject","inLanguage":"en-US","@id":"https:\/\/www.chateaudelaubade.com\/en\/#primaryimage","url":"https:\/\/www.chateaudelaubade.com\/file\/2023\/03\/logo_laubade.png","contentUrl":"https:\/\/www.chateaudelaubade.com\/file\/2023\/03\/logo_laubade.png"},{"@type":"BreadcrumbList","@id":"https:\/\/www.chateaudelaubade.com\/en\/#breadcrumb","itemListElement":[{"@type":"ListItem","position":1,"name":"Accueil","item":"https:\/\/www.chateaudelaubade.com\/en\/"},{"@type":"ListItem","position":2,"name":"FAMILY"}]},{"@type":"WebSite","@id":"https:\/\/www.chateaudelaubade.com\/#website","url":"https:\/\/www.chateaudelaubade.com\/","name":"Ch\u00e2teau De Laubade, Propri\u00e9t\u00e9 familiale en Bas-Armagnac","description":"Le Ch\u00e2teau de Laubade, b\u00e2ti en 1870, est aujourd&#039;hui la premi\u00e8re propri\u00e9t\u00e9 d&#039;Armagnac constitu\u00e9e de 105 hectares de vignes d&#039;un seul tenant.","publisher":{"@id":"https:\/\/www.chateaudelaubade.com\/#organization"},"potentialAction":[{"@type":"SearchAction","target":{"@type":"EntryPoint","urlTemplate":"https:\/\/www.chateaudelaubade.com\/?s={search_term_string}"},"query-input":{"@type":"PropertyValueSpecification","valueRequired":true,"valueName":"search_term_string"}}],"inLanguage":"en-US"},{"@type":"Organization","@id":"https:\/\/www.chateaudelaubade.com\/#organization","name":"Ch\u00e2teau De Laubade, Propri\u00e9t\u00e9 familiale en Bas-Armagnac","url":"https:\/\/www.chateaudelaubade.com\/","logo":{"@type":"ImageObject","inLanguage":"en-US","@id":"https:\/\/www.chateaudelaubade.com\/#\/schema\/logo\/image\/","url":"https:\/\/www.chateaudelaubade.com\/file\/2023\/02\/favicon.png","contentUrl":"https:\/\/www.chateaudelaubade.com\/file\/2023\/02\/favicon.png","width":512,"height":512,"caption":"Ch\u00e2teau De Laubade, Propri\u00e9t\u00e9 familiale en Bas-Armagnac"},"image":{"@id":"https:\/\/www.chateaudelaubade.com\/#\/schema\/logo\/image\/"}}]}},"_links":{"self":[{"href":"https:\/\/www.chateaudelaubade.com\/en\/wp-json\/wp\/v2\/pages\/834","targetHints":{"allow":["GET"]}}],"collection":[{"href":"https:\/\/www.chateaudelaubade.com\/en\/wp-json\/wp\/v2\/pages"}],"about":[{"href":"https:\/\/www.chateaudelaubade.com\/en\/wp-json\/wp\/v2\/types\/page"}],"author":[{"embeddable":true,"href":"https:\/\/www.chateaudelaubade.com\/en\/wp-json\/wp\/v2\/users\/1"}],"replies":[{"embeddable":true,"href":"https:\/\/www.chateaudelaubade.com\/en\/wp-json\/wp\/v2\/comments?post=834"}],"version-history":[{"count":10,"href":"https:\/\/www.chateaudelaubade.com\/en\/wp-json\/wp\/v2\/pages\/834\/revisions"}],"predecessor-version":[{"id":10459,"href":"https:\/\/www.chateaudelaubade.com\/en\/wp-json\/wp\/v2\/pages\/834\/revisions\/10459"}],"wp:attachment":[{"href":"https:\/\/www.chateaudelaubade.com\/en\/wp-json\/wp\/v2\/media?parent=834"}],"curies":[{"name":"wp","href":"https:\/\/api.w.org\/{rel}","templated":true}]}}