{"id":836,"date":"2023-01-27T00:31:33","date_gmt":"2023-01-26T23:31:33","guid":{"rendered":"https:\/\/www.chateaudelaubade.com\/soul\/"},"modified":"2023-04-19T16:08:18","modified_gmt":"2023-04-19T14:08:18","slug":"soul","status":"publish","type":"page","link":"https:\/\/www.chateaudelaubade.com\/en\/soul\/","title":{"rendered":"SOUL"},"content":{"rendered":"<div class=\"parallax ame\">\n<div class=\"arrow\"><span><\/span><span><\/span><span><\/span><\/div>\n<\/div>\n<div class=\"bloc\">\n<div data-aos=\"fade-up\" data-aos-duration=\"800\" class=\"aos-init aos-animate img cycle-slideshow\">\n<img loading=\"lazy\" decoding=\"async\" src=\"https:\/\/www.chateaudelaubade.com\/file\/2023\/03\/oeuvre01.jpg?v=1503\" alt=\"Ch\u00e2teau de Laubade\" width=\"1280\" height=\"1280\" class=\"alignnone size-full wp-image-537\" srcset=\"https:\/\/www.chateaudelaubade.com\/file\/2023\/03\/oeuvre01.jpg 1280w, https:\/\/www.chateaudelaubade.com\/file\/2023\/03\/oeuvre01-300x300.jpg 300w, https:\/\/www.chateaudelaubade.com\/file\/2023\/03\/oeuvre01-1024x1024.jpg 1024w, https:\/\/www.chateaudelaubade.com\/file\/2023\/03\/oeuvre01-150x150.jpg 150w, https:\/\/www.chateaudelaubade.com\/file\/2023\/03\/oeuvre01-768x768.jpg 768w\" sizes=\"auto, (max-width: 1280px) 100vw, 1280px\" \/><img loading=\"lazy\" decoding=\"async\" src=\"https:\/\/www.chateaudelaubade.com\/file\/2023\/03\/oeuvre02.jpg?v=1503\" alt=\"Ch\u00e2teau de Laubade\" width=\"1280\" height=\"1280\" class=\"alignnone size-full wp-image-538\" srcset=\"https:\/\/www.chateaudelaubade.com\/file\/2023\/03\/oeuvre02.jpg 1280w, https:\/\/www.chateaudelaubade.com\/file\/2023\/03\/oeuvre02-300x300.jpg 300w, https:\/\/www.chateaudelaubade.com\/file\/2023\/03\/oeuvre02-1024x1024.jpg 1024w, https:\/\/www.chateaudelaubade.com\/file\/2023\/03\/oeuvre02-150x150.jpg 150w, https:\/\/www.chateaudelaubade.com\/file\/2023\/03\/oeuvre02-768x768.jpg 768w\" sizes=\"auto, (max-width: 1280px) 100vw, 1280px\" \/><img loading=\"lazy\" decoding=\"async\" src=\"https:\/\/www.chateaudelaubade.com\/file\/2023\/03\/oeuvre03.jpg?v=1503\" alt=\"Ch\u00e2teau de Laubade\" width=\"1280\" height=\"1280\" class=\"alignnone size-full wp-image-539\" srcset=\"https:\/\/www.chateaudelaubade.com\/file\/2023\/03\/oeuvre03.jpg 1280w, https:\/\/www.chateaudelaubade.com\/file\/2023\/03\/oeuvre03-300x300.jpg 300w, https:\/\/www.chateaudelaubade.com\/file\/2023\/03\/oeuvre03-1024x1024.jpg 1024w, https:\/\/www.chateaudelaubade.com\/file\/2023\/03\/oeuvre03-150x150.jpg 150w, https:\/\/www.chateaudelaubade.com\/file\/2023\/03\/oeuvre03-768x768.jpg 768w\" sizes=\"auto, (max-width: 1280px) 100vw, 1280px\" \/><img loading=\"lazy\" decoding=\"async\" src=\"https:\/\/www.chateaudelaubade.com\/file\/2023\/03\/oeuvre04.jpg?v=1503\" alt=\"Ch\u00e2teau de Laubade\" width=\"1280\" height=\"1280\" class=\"alignnone size-full wp-image-536\" srcset=\"https:\/\/www.chateaudelaubade.com\/file\/2023\/03\/oeuvre04.jpg 1280w, https:\/\/www.chateaudelaubade.com\/file\/2023\/03\/oeuvre04-300x300.jpg 300w, https:\/\/www.chateaudelaubade.com\/file\/2023\/03\/oeuvre04-1024x1024.jpg 1024w, https:\/\/www.chateaudelaubade.com\/file\/2023\/03\/oeuvre04-150x150.jpg 150w, https:\/\/www.chateaudelaubade.com\/file\/2023\/03\/oeuvre04-768x768.jpg 768w\" sizes=\"auto, (max-width: 1280px) 100vw, 1280px\" \/><img loading=\"lazy\" decoding=\"async\" src=\"https:\/\/www.chateaudelaubade.com\/file\/2023\/03\/oeuvre05.jpg\" alt=\"\" width=\"1280\" height=\"1280\" class=\"alignnone size-full wp-image-599\" srcset=\"https:\/\/www.chateaudelaubade.com\/file\/2023\/03\/oeuvre05.jpg 1280w, https:\/\/www.chateaudelaubade.com\/file\/2023\/03\/oeuvre05-300x300.jpg 300w, https:\/\/www.chateaudelaubade.com\/file\/2023\/03\/oeuvre05-1024x1024.jpg 1024w, https:\/\/www.chateaudelaubade.com\/file\/2023\/03\/oeuvre05-150x150.jpg 150w, https:\/\/www.chateaudelaubade.com\/file\/2023\/03\/oeuvre05-768x768.jpg 768w\" sizes=\"auto, (max-width: 1280px) 100vw, 1280px\" \/><img loading=\"lazy\" decoding=\"async\" src=\"https:\/\/www.chateaudelaubade.com\/file\/2023\/03\/oeuvre06.jpg\" alt=\"\" width=\"1280\" height=\"1280\" class=\"alignnone size-full wp-image-598\" srcset=\"https:\/\/www.chateaudelaubade.com\/file\/2023\/03\/oeuvre06.jpg 1280w, https:\/\/www.chateaudelaubade.com\/file\/2023\/03\/oeuvre06-300x300.jpg 300w, https:\/\/www.chateaudelaubade.com\/file\/2023\/03\/oeuvre06-1024x1024.jpg 1024w, https:\/\/www.chateaudelaubade.com\/file\/2023\/03\/oeuvre06-150x150.jpg 150w, https:\/\/www.chateaudelaubade.com\/file\/2023\/03\/oeuvre06-768x768.jpg 768w\" sizes=\"auto, (max-width: 1280px) 100vw, 1280px\" \/>\n<\/div>\n<div data-aos=\"fade-up\" data-aos-duration=\"800\" class=\"aos-init aos-animate text\">\n<div>\n<h2>(Art)Magnac<\/h2>\n<p>Armagnac is creative. The Lesgourgues family has been promoting links between Armagnac and art for nearly 50 years.<\/p>\n<p>. Young, mainly French, artists are offered a residence in Ch\u00e2teau de Laubade and invited to create artworks inspired by this place, with all its dimensions of terroir, heritage, and even metaphysics.<\/p>\n<p>Their creations (sculptures, installations, architecture) are always permanent and environmentally-responsible, in harmony with the land, the human labor that has shaped it, and the spirit of the estate.<br \/>\nVisitors observe that this art sponsorship is driven by a passion for beauty and life, sublimated in a timeless dimension. <\/p>\n<hr\/>\n<p>The Lesgourgues family also demonstrate their commitment to the sponsoring and cultural mediation of contemporary art through the QUASAR DONATION LESGOURGUES, a collection of artworks showcasing the artistic movement of the 1980s and 1990s.<\/p>\n<p><a class=\"btn\" href=\"https:\/\/www.collection-quasar.com\" target=\"_blank\" rel=\"noopener\">Discover the Quasar collection<\/a>\n<\/div>\n<\/div>\n<\/div>\n<div class=\"bloc\">\n<div data-aos=\"fade-up\" data-aos-duration=\"800\" class=\"aos-init aos-animate text\">\n<div>\n<h2>Nature<\/h2>\n<p>Nature is a precious resource, respected unceasingly by the men and women who have worked on the Ch\u00e2teau de Laubade estate since 1870. Every day, the Lesgourgues family renew their commitment to sustainable, eco-friendly viticulture. <\/p>\n<p>This environmentally-responsible approach is demonstrated by the priority given to disease-resistant grape varieties, such as Baco, and the biodiversity fostered by growing a multitude of grape varieties, as well as practicing mixed farming (corn) and agroforestry (oaks and poplars). <\/p>\n<p>). For many years, the estate has been committed to reducing its carbon footprint throughout the Bas Armagnac production process, by initiatives aimed at more local sourcing (barrels, bottles, cardboard boxes, wooden cases, etc.) and reducing fossil fuel consumption (single distillation in a continuous still, hybrid vehicles, etc.). Finally, \u201cgreen\u201d electricity production will very soon become a reality at the estate\u2026<\/p>\n<\/div>\n<\/div>\n<div data-aos=\"fade-up\" data-aos-duration=\"800\" class=\"aos-init aos-animate img\">\n<img loading=\"lazy\" decoding=\"async\" src=\"https:\/\/www.chateaudelaubade.com\/file\/2023\/02\/nature.jpg\" alt=\"Nature Ch\u00e2teau de Laubade\" width=\"1280\" height=\"1280\" class=\"alignnone size-full wp-image-74\" srcset=\"https:\/\/www.chateaudelaubade.com\/file\/2023\/02\/nature.jpg 1280w, https:\/\/www.chateaudelaubade.com\/file\/2023\/02\/nature-300x300.jpg 300w, https:\/\/www.chateaudelaubade.com\/file\/2023\/02\/nature-1024x1024.jpg 1024w, https:\/\/www.chateaudelaubade.com\/file\/2023\/02\/nature-150x150.jpg 150w, https:\/\/www.chateaudelaubade.com\/file\/2023\/02\/nature-768x768.jpg 768w\" sizes=\"auto, (max-width: 1280px) 100vw, 1280px\" \/>\n<\/div>\n<\/div>\n<div class=\"bloc\">\n<div data-aos=\"fade-up\" data-aos-duration=\"800\" class=\"aos-init aos-animate img\">\n<img loading=\"lazy\" decoding=\"async\" src=\"https:\/\/www.chateaudelaubade.com\/file\/2023\/03\/chateau.jpg\" alt=\"Ch\u00e2teau de Laubade\" width=\"1280\" height=\"1280\" class=\"alignnone size-full wp-image-567\" srcset=\"https:\/\/www.chateaudelaubade.com\/file\/2023\/03\/chateau.jpg 1280w, https:\/\/www.chateaudelaubade.com\/file\/2023\/03\/chateau-300x300.jpg 300w, https:\/\/www.chateaudelaubade.com\/file\/2023\/03\/chateau-1024x1024.jpg 1024w, https:\/\/www.chateaudelaubade.com\/file\/2023\/03\/chateau-150x150.jpg 150w, https:\/\/www.chateaudelaubade.com\/file\/2023\/03\/chateau-768x768.jpg 768w\" sizes=\"auto, (max-width: 1280px) 100vw, 1280px\" \/>\n<\/div>\n<div data-aos=\"fade-up\" data-aos-duration=\"800\" class=\"aos-init aos-animate text\">\n<div>\n<h2>The Ch\u00e2teau<\/h2>\n<p>Ch\u00e2teau de Laubade has been a family home for over 150 years.<br \/>\nJoseph Noulens and his second wife, Jeanne Paquin, gave the house all its elegant charm, evocative of the bustling Belle Epoque period at the turn of the 20th century. <\/p>\n<p>During the 1970s, Alice and Maurice Lesgourgues restored this sleeping beauty to its full grandeur, and then Anne-Marie and Jean-Jacques decorated it with the wild colors of the seventies and eighties. <\/p>\n<p>Gascon tradition with a modern touch\u2026 In this way, the house, gardens, and winery have been shaped over the decades by time and the women and men of Ch\u00e2teau de Laubade.<\/p>\n<\/div>\n<\/div>\n<\/div>\n","protected":false},"excerpt":{"rendered":"<p>(Art)Magnac Armagnac is creative. The Lesgourgues family has been promoting links between Armagnac and art for nearly 50 years. . Young, mainly French, artists are offered a residence in Ch\u00e2teau de Laubade and invited to create artworks inspired by this place, with all its dimensions of terroir, heritage, and even metaphysics. Their creations (sculptures, installations, [&hellip;]<\/p>\n","protected":false},"author":1,"featured_media":0,"parent":0,"menu_order":0,"comment_status":"closed","ping_status":"closed","template":"","meta":{"footnotes":""},"class_list":["post-836","page","type-page","status-publish","hentry"],"yoast_head":" \n<title>Ch\u00e2teau De Laubade, Family property in Bas Armagnac<\/title>\n<meta name=\"description\" content=\"Armagnac is creation. The link between Armagnac and art has been obvious to the Lesgourgues family for almost 50 years.\" \/>\n<meta name=\"robots\" content=\"index, follow, max-snippet:-1, max-image-preview:large, max-video-preview:-1\" \/>\n<link rel=\"canonical\" href=\"https:\/\/www.chateaudelaubade.com\/en\/soul\/\" \/>\n<meta property=\"og:locale\" content=\"en_US\" \/>\n<meta property=\"og:type\" content=\"article\" \/>\n<meta property=\"og:title\" content=\"Ch\u00e2teau De Laubade, Family property in Bas Armagnac\" \/>\n<meta property=\"og:description\" content=\"Armagnac is creation. The link between Armagnac and art has been obvious to the Lesgourgues family for almost 50 years.\" \/>\n<meta property=\"og:url\" content=\"https:\/\/www.chateaudelaubade.com\/en\/soul\/\" \/>\n<meta property=\"og:site_name\" content=\"Ch\u00e2teau De Laubade, Propri\u00e9t\u00e9 familiale en Bas Armagnac\" \/>\n<meta property=\"article:modified_time\" content=\"2023-04-19T14:08:18+00:00\" \/>\n<meta property=\"og:image\" content=\"https:\/\/www.chateaudelaubade.com\/file\/2023\/03\/oeuvre01.jpg?v=1503\" \/>\n<meta name=\"twitter:card\" content=\"summary_large_image\" \/>\n<meta name=\"twitter:label1\" content=\"Est. reading time\" \/>\n\t<meta name=\"twitter:data1\" content=\"4 minutes\" \/>\n<script type=\"application\/ld+json\" class=\"yoast-schema-graph\">{\"@context\":\"https:\\\/\\\/schema.org\",\"@graph\":[{\"@type\":\"WebPage\",\"@id\":\"https:\\\/\\\/www.chateaudelaubade.com\\\/en\\\/soul\\\/\",\"url\":\"https:\\\/\\\/www.chateaudelaubade.com\\\/en\\\/soul\\\/\",\"name\":\"Ch\u00e2teau De Laubade, Family property in Bas Armagnac\",\"isPartOf\":{\"@id\":\"https:\\\/\\\/www.chateaudelaubade.com\\\/#website\"},\"primaryImageOfPage\":{\"@id\":\"https:\\\/\\\/www.chateaudelaubade.com\\\/en\\\/soul\\\/#primaryimage\"},\"image\":{\"@id\":\"https:\\\/\\\/www.chateaudelaubade.com\\\/en\\\/soul\\\/#primaryimage\"},\"thumbnailUrl\":\"https:\\\/\\\/www.chateaudelaubade.com\\\/inc\\\/uploads\\\/2023\\\/03\\\/oeuvre01.jpg?v=1503\",\"datePublished\":\"2023-01-26T23:31:33+00:00\",\"dateModified\":\"2023-04-19T14:08:18+00:00\",\"description\":\"Armagnac is creation. The link between Armagnac and art has been obvious to the Lesgourgues family for almost 50 years.\",\"breadcrumb\":{\"@id\":\"https:\\\/\\\/www.chateaudelaubade.com\\\/en\\\/soul\\\/#breadcrumb\"},\"inLanguage\":\"en-US\",\"potentialAction\":[{\"@type\":\"ReadAction\",\"target\":[\"https:\\\/\\\/www.chateaudelaubade.com\\\/en\\\/soul\\\/\"]}]},{\"@type\":\"ImageObject\",\"inLanguage\":\"en-US\",\"@id\":\"https:\\\/\\\/www.chateaudelaubade.com\\\/en\\\/soul\\\/#primaryimage\",\"url\":\"https:\\\/\\\/www.chateaudelaubade.com\\\/inc\\\/uploads\\\/2023\\\/03\\\/oeuvre01.jpg?v=1503\",\"contentUrl\":\"https:\\\/\\\/www.chateaudelaubade.com\\\/inc\\\/uploads\\\/2023\\\/03\\\/oeuvre01.jpg?v=1503\"},{\"@type\":\"BreadcrumbList\",\"@id\":\"https:\\\/\\\/www.chateaudelaubade.com\\\/en\\\/soul\\\/#breadcrumb\",\"itemListElement\":[{\"@type\":\"ListItem\",\"position\":1,\"name\":\"Accueil\",\"item\":\"https:\\\/\\\/www.chateaudelaubade.com\\\/en\\\/\"},{\"@type\":\"ListItem\",\"position\":2,\"name\":\"SOUL\"}]},{\"@type\":\"WebSite\",\"@id\":\"https:\\\/\\\/www.chateaudelaubade.com\\\/#website\",\"url\":\"https:\\\/\\\/www.chateaudelaubade.com\\\/\",\"name\":\"Ch\u00e2teau De Laubade, Propri\u00e9t\u00e9 familiale en Bas-Armagnac\",\"description\":\"Le Ch\u00e2teau de Laubade, b\u00e2ti en 1870, est aujourd&#039;hui la premi\u00e8re propri\u00e9t\u00e9 d&#039;Armagnac constitu\u00e9e de 105 hectares de vignes d&#039;un seul tenant.\",\"publisher\":{\"@id\":\"https:\\\/\\\/www.chateaudelaubade.com\\\/#organization\"},\"potentialAction\":[{\"@type\":\"SearchAction\",\"target\":{\"@type\":\"EntryPoint\",\"urlTemplate\":\"https:\\\/\\\/www.chateaudelaubade.com\\\/?s={search_term_string}\"},\"query-input\":{\"@type\":\"PropertyValueSpecification\",\"valueRequired\":true,\"valueName\":\"search_term_string\"}}],\"inLanguage\":\"en-US\"},{\"@type\":\"Organization\",\"@id\":\"https:\\\/\\\/www.chateaudelaubade.com\\\/#organization\",\"name\":\"Ch\u00e2teau De Laubade, Propri\u00e9t\u00e9 familiale en Bas-Armagnac\",\"url\":\"https:\\\/\\\/www.chateaudelaubade.com\\\/\",\"logo\":{\"@type\":\"ImageObject\",\"inLanguage\":\"en-US\",\"@id\":\"https:\\\/\\\/www.chateaudelaubade.com\\\/#\\\/schema\\\/logo\\\/image\\\/\",\"url\":\"https:\\\/\\\/www.chateaudelaubade.com\\\/inc\\\/uploads\\\/2023\\\/02\\\/favicon.png\",\"contentUrl\":\"https:\\\/\\\/www.chateaudelaubade.com\\\/inc\\\/uploads\\\/2023\\\/02\\\/favicon.png\",\"width\":512,\"height\":512,\"caption\":\"Ch\u00e2teau De Laubade, Propri\u00e9t\u00e9 familiale en Bas-Armagnac\"},\"image\":{\"@id\":\"https:\\\/\\\/www.chateaudelaubade.com\\\/#\\\/schema\\\/logo\\\/image\\\/\"}}]}<\/script>\n ","yoast_head_json":{"title":"Ch\u00e2teau De Laubade, Family property in Bas Armagnac","description":"Armagnac is creation. The link between Armagnac and art has been obvious to the Lesgourgues family for almost 50 years.","robots":{"index":"index","follow":"follow","max-snippet":"max-snippet:-1","max-image-preview":"max-image-preview:large","max-video-preview":"max-video-preview:-1"},"canonical":"https:\/\/www.chateaudelaubade.com\/en\/soul\/","og_locale":"en_US","og_type":"article","og_title":"Ch\u00e2teau De Laubade, Family property in Bas Armagnac","og_description":"Armagnac is creation. The link between Armagnac and art has been obvious to the Lesgourgues family for almost 50 years.","og_url":"https:\/\/www.chateaudelaubade.com\/en\/soul\/","og_site_name":"Ch\u00e2teau De Laubade, Propri\u00e9t\u00e9 familiale en Bas Armagnac","article_modified_time":"2023-04-19T14:08:18+00:00","og_image":[{"url":"https:\/\/www.chateaudelaubade.com\/file\/2023\/03\/oeuvre01.jpg?v=1503","type":"","width":"","height":""}],"twitter_card":"summary_large_image","twitter_misc":{"Est. reading time":"4 minutes"},"schema":{"@context":"https:\/\/schema.org","@graph":[{"@type":"WebPage","@id":"https:\/\/www.chateaudelaubade.com\/en\/soul\/","url":"https:\/\/www.chateaudelaubade.com\/en\/soul\/","name":"Ch\u00e2teau De Laubade, Family property in Bas Armagnac","isPartOf":{"@id":"https:\/\/www.chateaudelaubade.com\/#website"},"primaryImageOfPage":{"@id":"https:\/\/www.chateaudelaubade.com\/en\/soul\/#primaryimage"},"image":{"@id":"https:\/\/www.chateaudelaubade.com\/en\/soul\/#primaryimage"},"thumbnailUrl":"https:\/\/www.chateaudelaubade.com\/file\/2023\/03\/oeuvre01.jpg?v=1503","datePublished":"2023-01-26T23:31:33+00:00","dateModified":"2023-04-19T14:08:18+00:00","description":"Armagnac is creation. The link between Armagnac and art has been obvious to the Lesgourgues family for almost 50 years.","breadcrumb":{"@id":"https:\/\/www.chateaudelaubade.com\/en\/soul\/#breadcrumb"},"inLanguage":"en-US","potentialAction":[{"@type":"ReadAction","target":["https:\/\/www.chateaudelaubade.com\/en\/soul\/"]}]},{"@type":"ImageObject","inLanguage":"en-US","@id":"https:\/\/www.chateaudelaubade.com\/en\/soul\/#primaryimage","url":"https:\/\/www.chateaudelaubade.com\/file\/2023\/03\/oeuvre01.jpg?v=1503","contentUrl":"https:\/\/www.chateaudelaubade.com\/file\/2023\/03\/oeuvre01.jpg?v=1503"},{"@type":"BreadcrumbList","@id":"https:\/\/www.chateaudelaubade.com\/en\/soul\/#breadcrumb","itemListElement":[{"@type":"ListItem","position":1,"name":"Accueil","item":"https:\/\/www.chateaudelaubade.com\/en\/"},{"@type":"ListItem","position":2,"name":"SOUL"}]},{"@type":"WebSite","@id":"https:\/\/www.chateaudelaubade.com\/#website","url":"https:\/\/www.chateaudelaubade.com\/","name":"Ch\u00e2teau De Laubade, Propri\u00e9t\u00e9 familiale en Bas-Armagnac","description":"Le Ch\u00e2teau de Laubade, b\u00e2ti en 1870, est aujourd&#039;hui la premi\u00e8re propri\u00e9t\u00e9 d&#039;Armagnac constitu\u00e9e de 105 hectares de vignes d&#039;un seul tenant.","publisher":{"@id":"https:\/\/www.chateaudelaubade.com\/#organization"},"potentialAction":[{"@type":"SearchAction","target":{"@type":"EntryPoint","urlTemplate":"https:\/\/www.chateaudelaubade.com\/?s={search_term_string}"},"query-input":{"@type":"PropertyValueSpecification","valueRequired":true,"valueName":"search_term_string"}}],"inLanguage":"en-US"},{"@type":"Organization","@id":"https:\/\/www.chateaudelaubade.com\/#organization","name":"Ch\u00e2teau De Laubade, Propri\u00e9t\u00e9 familiale en Bas-Armagnac","url":"https:\/\/www.chateaudelaubade.com\/","logo":{"@type":"ImageObject","inLanguage":"en-US","@id":"https:\/\/www.chateaudelaubade.com\/#\/schema\/logo\/image\/","url":"https:\/\/www.chateaudelaubade.com\/file\/2023\/02\/favicon.png","contentUrl":"https:\/\/www.chateaudelaubade.com\/file\/2023\/02\/favicon.png","width":512,"height":512,"caption":"Ch\u00e2teau De Laubade, Propri\u00e9t\u00e9 familiale en Bas-Armagnac"},"image":{"@id":"https:\/\/www.chateaudelaubade.com\/#\/schema\/logo\/image\/"}}]}},"_links":{"self":[{"href":"https:\/\/www.chateaudelaubade.com\/en\/wp-json\/wp\/v2\/pages\/836","targetHints":{"allow":["GET"]}}],"collection":[{"href":"https:\/\/www.chateaudelaubade.com\/en\/wp-json\/wp\/v2\/pages"}],"about":[{"href":"https:\/\/www.chateaudelaubade.com\/en\/wp-json\/wp\/v2\/types\/page"}],"author":[{"embeddable":true,"href":"https:\/\/www.chateaudelaubade.com\/en\/wp-json\/wp\/v2\/users\/1"}],"replies":[{"embeddable":true,"href":"https:\/\/www.chateaudelaubade.com\/en\/wp-json\/wp\/v2\/comments?post=836"}],"version-history":[{"count":2,"href":"https:\/\/www.chateaudelaubade.com\/en\/wp-json\/wp\/v2\/pages\/836\/revisions"}],"predecessor-version":[{"id":910,"href":"https:\/\/www.chateaudelaubade.com\/en\/wp-json\/wp\/v2\/pages\/836\/revisions\/910"}],"wp:attachment":[{"href":"https:\/\/www.chateaudelaubade.com\/en\/wp-json\/wp\/v2\/media?parent=836"}],"curies":[{"name":"wp","href":"https:\/\/api.w.org\/{rel}","templated":true}]}}