{"id":841,"date":"2023-02-12T19:02:27","date_gmt":"2023-02-12T18:02:27","guid":{"rendered":"https:\/\/www.chateaudelaubade.com\/curiosite-xf\/"},"modified":"2023-04-19T16:05:05","modified_gmt":"2023-04-19T14:05:05","slug":"curiosite-xf","status":"publish","type":"page","link":"https:\/\/www.chateaudelaubade.com\/en\/curiosite-xf\/","title":{"rendered":"CURIOSIT\u00c9 XF"},"content":{"rendered":"<div class=\"parallax xf\">\n<div class=\"arrow\"><span><\/span><span><\/span><span><\/span><\/div>\n<\/div>\n<div class=\"bloc sub\">\n<div data-aos=\"fade-up\" data-aos-duration=\"800\" class=\"aos-init aos-animate img\">\n<img loading=\"lazy\" decoding=\"async\" src=\"https:\/\/www.chateaudelaubade.com\/file\/2023\/02\/curiosite_pack.jpg\" alt=\"CURIOSIT\u00c9 XF \u00ab LE PIONNIER \u00bb Ch\u00e2teau de Laubade\" width=\"1280\" height=\"1280\" class=\"alignnone size-full wp-image-235\" srcset=\"https:\/\/www.chateaudelaubade.com\/file\/2023\/02\/curiosite_pack.jpg 1280w, https:\/\/www.chateaudelaubade.com\/file\/2023\/02\/curiosite_pack-300x300.jpg 300w, https:\/\/www.chateaudelaubade.com\/file\/2023\/02\/curiosite_pack-1024x1024.jpg 1024w, https:\/\/www.chateaudelaubade.com\/file\/2023\/02\/curiosite_pack-150x150.jpg 150w, https:\/\/www.chateaudelaubade.com\/file\/2023\/02\/curiosite_pack-768x768.jpg 768w\" sizes=\"auto, (max-width: 1280px) 100vw, 1280px\" \/>\n<\/div>\n<div data-aos=\"fade-up\" data-aos-duration=\"800\" class=\"aos-init aos-animate text\">\n<div>\n<h1>CURIOSIT\u00c9 XF <strong>THE PIONEER<\/strong><\/h1>\n<hr>\n<h2>Extra heavy toasting<\/h2>\n<p>XF rounds off the Ch\u00e2teau de Laubade \u201cCuriosit\u00e9s\u201d range and offers a remarkably different tasting experience, combining power and freshness.  <\/p>\n<p>This XF Bas Armagnac is a limited edition, bottled from a single batch, aged in a 420 L barrel with extra-heavy toasting, made by the Doreau family cooperage.<br \/>\nThis special toasting gives the Armagnac unusual aromas, where spices and toasty hints are expressed on a background of freshness and lively acidity, with extraordinary length on the palate.  <\/p>\n<p><a class=\"btn\" href=\"https:\/\/www.chateaudelaubade.com\/downloads\/FT_XF_EN.pdf\" target=\"_blank\" rel=\"noopener\">Download the product sheet<\/a><\/p>\n<hr>\n<div class=\"medailles\">\n<div class=\"medaille\"><img loading=\"lazy\" decoding=\"async\" src=\"https:\/\/www.chateaudelaubade.com\/file\/2023\/03\/amorimvsnews.jpg\" alt=\"\" width=\"200\" height=\"200\" class=\"alignnone size-full wp-image-563\" srcset=\"https:\/\/www.chateaudelaubade.com\/file\/2023\/03\/amorimvsnews.jpg 200w, https:\/\/www.chateaudelaubade.com\/file\/2023\/03\/amorimvsnews-150x150.jpg 150w\" sizes=\"auto, (max-width: 200px) 100vw, 200px\" \/><span>Spirit of the Year<\/span> <em>Amorim Top Series France, 2023<\/em><\/div>\n<\/div>\n<hr>\n<\/div>\n<\/div>\n<\/div>\n","protected":false},"excerpt":{"rendered":"<p>CURIOSIT\u00c9 XF THE PIONEER Extra heavy toasting XF rounds off the Ch\u00e2teau de Laubade \u201cCuriosit\u00e9s\u201d range and offers a remarkably different tasting experience, combining power and freshness. This XF Bas Armagnac is a limited edition, bottled from a single batch, aged in a 420 L barrel with extra-heavy toasting, made by the Doreau family cooperage. [&hellip;]<\/p>\n","protected":false},"author":1,"featured_media":0,"parent":0,"menu_order":0,"comment_status":"closed","ping_status":"closed","template":"page-mixologie.php","meta":{"footnotes":""},"class_list":["post-841","page","type-page","status-publish","hentry"],"yoast_head":" \n<title>CURIOSIT\u00c9 XF - Ch\u00e2teau de Laubade<\/title>\n<meta name=\"description\" content=\"XF is a nugget that completes the Curiosit\u00e9s de Laubade range and marks a different tasting experience, combining strength and freshness.\" \/>\n<meta name=\"robots\" content=\"index, follow, max-snippet:-1, max-image-preview:large, max-video-preview:-1\" \/>\n<link rel=\"canonical\" href=\"https:\/\/www.chateaudelaubade.com\/en\/curiosite-xf\/\" \/>\n<meta property=\"og:locale\" content=\"en_US\" \/>\n<meta property=\"og:type\" content=\"article\" \/>\n<meta property=\"og:title\" content=\"CURIOSIT\u00c9 XF - Ch\u00e2teau de Laubade\" \/>\n<meta property=\"og:description\" content=\"XF is a nugget that completes the Curiosit\u00e9s de Laubade range and marks a different tasting experience, combining strength and freshness.\" \/>\n<meta property=\"og:url\" content=\"https:\/\/www.chateaudelaubade.com\/en\/curiosite-xf\/\" \/>\n<meta property=\"og:site_name\" content=\"Ch\u00e2teau De Laubade, Propri\u00e9t\u00e9 familiale en Bas Armagnac\" \/>\n<meta property=\"article:modified_time\" content=\"2023-04-19T14:05:05+00:00\" \/>\n<meta property=\"og:image\" content=\"https:\/\/www.chateaudelaubade.com\/file\/2023\/02\/curiosite_pack.jpg\" \/>\n<meta name=\"twitter:card\" content=\"summary_large_image\" \/>\n<meta name=\"twitter:label1\" content=\"Est. reading time\" \/>\n\t<meta name=\"twitter:data1\" content=\"1 minute\" \/>\n<script type=\"application\/ld+json\" class=\"yoast-schema-graph\">{\"@context\":\"https:\\\/\\\/schema.org\",\"@graph\":[{\"@type\":\"WebPage\",\"@id\":\"https:\\\/\\\/www.chateaudelaubade.com\\\/en\\\/curiosite-xf\\\/\",\"url\":\"https:\\\/\\\/www.chateaudelaubade.com\\\/en\\\/curiosite-xf\\\/\",\"name\":\"CURIOSIT\u00c9 XF - Ch\u00e2teau de Laubade\",\"isPartOf\":{\"@id\":\"https:\\\/\\\/www.chateaudelaubade.com\\\/#website\"},\"primaryImageOfPage\":{\"@id\":\"https:\\\/\\\/www.chateaudelaubade.com\\\/en\\\/curiosite-xf\\\/#primaryimage\"},\"image\":{\"@id\":\"https:\\\/\\\/www.chateaudelaubade.com\\\/en\\\/curiosite-xf\\\/#primaryimage\"},\"thumbnailUrl\":\"https:\\\/\\\/www.chateaudelaubade.com\\\/inc\\\/uploads\\\/2023\\\/02\\\/curiosite_pack.jpg\",\"datePublished\":\"2023-02-12T18:02:27+00:00\",\"dateModified\":\"2023-04-19T14:05:05+00:00\",\"description\":\"XF is a nugget that completes the Curiosit\u00e9s de Laubade range and marks a different tasting experience, combining strength and freshness.\",\"breadcrumb\":{\"@id\":\"https:\\\/\\\/www.chateaudelaubade.com\\\/en\\\/curiosite-xf\\\/#breadcrumb\"},\"inLanguage\":\"en-US\",\"potentialAction\":[{\"@type\":\"ReadAction\",\"target\":[\"https:\\\/\\\/www.chateaudelaubade.com\\\/en\\\/curiosite-xf\\\/\"]}]},{\"@type\":\"ImageObject\",\"inLanguage\":\"en-US\",\"@id\":\"https:\\\/\\\/www.chateaudelaubade.com\\\/en\\\/curiosite-xf\\\/#primaryimage\",\"url\":\"https:\\\/\\\/www.chateaudelaubade.com\\\/inc\\\/uploads\\\/2023\\\/02\\\/curiosite_pack.jpg\",\"contentUrl\":\"https:\\\/\\\/www.chateaudelaubade.com\\\/inc\\\/uploads\\\/2023\\\/02\\\/curiosite_pack.jpg\"},{\"@type\":\"BreadcrumbList\",\"@id\":\"https:\\\/\\\/www.chateaudelaubade.com\\\/en\\\/curiosite-xf\\\/#breadcrumb\",\"itemListElement\":[{\"@type\":\"ListItem\",\"position\":1,\"name\":\"Accueil\",\"item\":\"https:\\\/\\\/www.chateaudelaubade.com\\\/en\\\/\"},{\"@type\":\"ListItem\",\"position\":2,\"name\":\"CURIOSIT\u00c9 XF\"}]},{\"@type\":\"WebSite\",\"@id\":\"https:\\\/\\\/www.chateaudelaubade.com\\\/#website\",\"url\":\"https:\\\/\\\/www.chateaudelaubade.com\\\/\",\"name\":\"Ch\u00e2teau De Laubade, Propri\u00e9t\u00e9 familiale en Bas-Armagnac\",\"description\":\"Le Ch\u00e2teau de Laubade, b\u00e2ti en 1870, est aujourd&#039;hui la premi\u00e8re propri\u00e9t\u00e9 d&#039;Armagnac constitu\u00e9e de 105 hectares de vignes d&#039;un seul tenant.\",\"publisher\":{\"@id\":\"https:\\\/\\\/www.chateaudelaubade.com\\\/#organization\"},\"potentialAction\":[{\"@type\":\"SearchAction\",\"target\":{\"@type\":\"EntryPoint\",\"urlTemplate\":\"https:\\\/\\\/www.chateaudelaubade.com\\\/?s={search_term_string}\"},\"query-input\":{\"@type\":\"PropertyValueSpecification\",\"valueRequired\":true,\"valueName\":\"search_term_string\"}}],\"inLanguage\":\"en-US\"},{\"@type\":\"Organization\",\"@id\":\"https:\\\/\\\/www.chateaudelaubade.com\\\/#organization\",\"name\":\"Ch\u00e2teau De Laubade, Propri\u00e9t\u00e9 familiale en Bas-Armagnac\",\"url\":\"https:\\\/\\\/www.chateaudelaubade.com\\\/\",\"logo\":{\"@type\":\"ImageObject\",\"inLanguage\":\"en-US\",\"@id\":\"https:\\\/\\\/www.chateaudelaubade.com\\\/#\\\/schema\\\/logo\\\/image\\\/\",\"url\":\"https:\\\/\\\/www.chateaudelaubade.com\\\/inc\\\/uploads\\\/2023\\\/02\\\/favicon.png\",\"contentUrl\":\"https:\\\/\\\/www.chateaudelaubade.com\\\/inc\\\/uploads\\\/2023\\\/02\\\/favicon.png\",\"width\":512,\"height\":512,\"caption\":\"Ch\u00e2teau De Laubade, Propri\u00e9t\u00e9 familiale en Bas-Armagnac\"},\"image\":{\"@id\":\"https:\\\/\\\/www.chateaudelaubade.com\\\/#\\\/schema\\\/logo\\\/image\\\/\"}}]}<\/script>\n ","yoast_head_json":{"title":"CURIOSIT\u00c9 XF - Ch\u00e2teau de Laubade","description":"XF is a nugget that completes the Curiosit\u00e9s de Laubade range and marks a different tasting experience, combining strength and freshness.","robots":{"index":"index","follow":"follow","max-snippet":"max-snippet:-1","max-image-preview":"max-image-preview:large","max-video-preview":"max-video-preview:-1"},"canonical":"https:\/\/www.chateaudelaubade.com\/en\/curiosite-xf\/","og_locale":"en_US","og_type":"article","og_title":"CURIOSIT\u00c9 XF - Ch\u00e2teau de Laubade","og_description":"XF is a nugget that completes the Curiosit\u00e9s de Laubade range and marks a different tasting experience, combining strength and freshness.","og_url":"https:\/\/www.chateaudelaubade.com\/en\/curiosite-xf\/","og_site_name":"Ch\u00e2teau De Laubade, Propri\u00e9t\u00e9 familiale en Bas Armagnac","article_modified_time":"2023-04-19T14:05:05+00:00","og_image":[{"url":"https:\/\/www.chateaudelaubade.com\/file\/2023\/02\/curiosite_pack.jpg","type":"","width":"","height":""}],"twitter_card":"summary_large_image","twitter_misc":{"Est. reading time":"1 minute"},"schema":{"@context":"https:\/\/schema.org","@graph":[{"@type":"WebPage","@id":"https:\/\/www.chateaudelaubade.com\/en\/curiosite-xf\/","url":"https:\/\/www.chateaudelaubade.com\/en\/curiosite-xf\/","name":"CURIOSIT\u00c9 XF - Ch\u00e2teau de Laubade","isPartOf":{"@id":"https:\/\/www.chateaudelaubade.com\/#website"},"primaryImageOfPage":{"@id":"https:\/\/www.chateaudelaubade.com\/en\/curiosite-xf\/#primaryimage"},"image":{"@id":"https:\/\/www.chateaudelaubade.com\/en\/curiosite-xf\/#primaryimage"},"thumbnailUrl":"https:\/\/www.chateaudelaubade.com\/file\/2023\/02\/curiosite_pack.jpg","datePublished":"2023-02-12T18:02:27+00:00","dateModified":"2023-04-19T14:05:05+00:00","description":"XF is a nugget that completes the Curiosit\u00e9s de Laubade range and marks a different tasting experience, combining strength and freshness.","breadcrumb":{"@id":"https:\/\/www.chateaudelaubade.com\/en\/curiosite-xf\/#breadcrumb"},"inLanguage":"en-US","potentialAction":[{"@type":"ReadAction","target":["https:\/\/www.chateaudelaubade.com\/en\/curiosite-xf\/"]}]},{"@type":"ImageObject","inLanguage":"en-US","@id":"https:\/\/www.chateaudelaubade.com\/en\/curiosite-xf\/#primaryimage","url":"https:\/\/www.chateaudelaubade.com\/file\/2023\/02\/curiosite_pack.jpg","contentUrl":"https:\/\/www.chateaudelaubade.com\/file\/2023\/02\/curiosite_pack.jpg"},{"@type":"BreadcrumbList","@id":"https:\/\/www.chateaudelaubade.com\/en\/curiosite-xf\/#breadcrumb","itemListElement":[{"@type":"ListItem","position":1,"name":"Accueil","item":"https:\/\/www.chateaudelaubade.com\/en\/"},{"@type":"ListItem","position":2,"name":"CURIOSIT\u00c9 XF"}]},{"@type":"WebSite","@id":"https:\/\/www.chateaudelaubade.com\/#website","url":"https:\/\/www.chateaudelaubade.com\/","name":"Ch\u00e2teau De Laubade, Propri\u00e9t\u00e9 familiale en Bas-Armagnac","description":"Le Ch\u00e2teau de Laubade, b\u00e2ti en 1870, est aujourd&#039;hui la premi\u00e8re propri\u00e9t\u00e9 d&#039;Armagnac constitu\u00e9e de 105 hectares de vignes d&#039;un seul tenant.","publisher":{"@id":"https:\/\/www.chateaudelaubade.com\/#organization"},"potentialAction":[{"@type":"SearchAction","target":{"@type":"EntryPoint","urlTemplate":"https:\/\/www.chateaudelaubade.com\/?s={search_term_string}"},"query-input":{"@type":"PropertyValueSpecification","valueRequired":true,"valueName":"search_term_string"}}],"inLanguage":"en-US"},{"@type":"Organization","@id":"https:\/\/www.chateaudelaubade.com\/#organization","name":"Ch\u00e2teau De Laubade, Propri\u00e9t\u00e9 familiale en Bas-Armagnac","url":"https:\/\/www.chateaudelaubade.com\/","logo":{"@type":"ImageObject","inLanguage":"en-US","@id":"https:\/\/www.chateaudelaubade.com\/#\/schema\/logo\/image\/","url":"https:\/\/www.chateaudelaubade.com\/file\/2023\/02\/favicon.png","contentUrl":"https:\/\/www.chateaudelaubade.com\/file\/2023\/02\/favicon.png","width":512,"height":512,"caption":"Ch\u00e2teau De Laubade, Propri\u00e9t\u00e9 familiale en Bas-Armagnac"},"image":{"@id":"https:\/\/www.chateaudelaubade.com\/#\/schema\/logo\/image\/"}}]}},"_links":{"self":[{"href":"https:\/\/www.chateaudelaubade.com\/en\/wp-json\/wp\/v2\/pages\/841","targetHints":{"allow":["GET"]}}],"collection":[{"href":"https:\/\/www.chateaudelaubade.com\/en\/wp-json\/wp\/v2\/pages"}],"about":[{"href":"https:\/\/www.chateaudelaubade.com\/en\/wp-json\/wp\/v2\/types\/page"}],"author":[{"embeddable":true,"href":"https:\/\/www.chateaudelaubade.com\/en\/wp-json\/wp\/v2\/users\/1"}],"replies":[{"embeddable":true,"href":"https:\/\/www.chateaudelaubade.com\/en\/wp-json\/wp\/v2\/comments?post=841"}],"version-history":[{"count":2,"href":"https:\/\/www.chateaudelaubade.com\/en\/wp-json\/wp\/v2\/pages\/841\/revisions"}],"predecessor-version":[{"id":907,"href":"https:\/\/www.chateaudelaubade.com\/en\/wp-json\/wp\/v2\/pages\/841\/revisions\/907"}],"wp:attachment":[{"href":"https:\/\/www.chateaudelaubade.com\/en\/wp-json\/wp\/v2\/media?parent=841"}],"curies":[{"name":"wp","href":"https:\/\/api.w.org\/{rel}","templated":true}]}}