{"id":848,"date":"2023-02-12T18:50:10","date_gmt":"2023-02-12T17:50:10","guid":{"rendered":"https:\/\/www.chateaudelaubade.com\/les-millesimes-collection\/"},"modified":"2023-07-21T16:39:01","modified_gmt":"2023-07-21T14:39:01","slug":"collector-vintages","status":"publish","type":"page","link":"https:\/\/www.chateaudelaubade.com\/en\/collector-vintages\/","title":{"rendered":"COLLECTOR VINTAGES"},"content":{"rendered":"<div class=\"parallax collection\">\n<div class=\"arrow\"><span><\/span><span><\/span><span><\/span><\/div>\n<\/div>\n<div class=\"bloc sub\">\n<div data-aos=\"fade-up\" data-aos-duration=\"800\" class=\"aos-init aos-animate img\">\n<img loading=\"lazy\" decoding=\"async\" src=\"https:\/\/www.chateaudelaubade.com\/file\/2023\/02\/collection_pack.jpg\" alt=\"LES MILL\u00c9SIMES COLLECTION Ch\u00e2teau de Laubade\" width=\"1280\" height=\"1280\" class=\"alignnone size-full wp-image-234\" \/>\n<\/div>\n<div data-aos=\"fade-up\" data-aos-duration=\"800\" class=\"aos-init aos-animate text\">\n<div>\n<h1>COLLECTOR VINTAGES<\/h1>\n<hr\/>\n<h2>Vintages over 50 years\u2019 old<\/h2>\n<p>After maturing in barrel for approximately 50 years, the extremely rare \u201cCollection\u201d vintages are transferred to demijohns, in order to preserve their qualities and control the loss of volume known as the \u201cangels\u2019 share\u201d. The most venerable examples are stored in the \u201cParadis\u201d, a small aging cellar set aside to protect these precious armagnacs. <\/p>\n<hr\/>\n<p>Ch\u00e2teau de Laubade Collector Vintages regularly win prizes in international competitions and receive praise from spirits critics all over the world.<\/p>\n<div class=\"medailles\">\n<div class=\"medaille\"><img loading=\"lazy\" decoding=\"async\" src=\"https:\/\/www.chateaudelaubade.com\/file\/2023\/03\/wsc_sanfrancisco.jpg\" alt=\"wsc_sanfrancisco\" width=\"200\" height=\"200\" class=\"alignnone size-full wp-image-381\" srcset=\"https:\/\/www.chateaudelaubade.com\/file\/2023\/03\/wsc_sanfrancisco.jpg 200w, https:\/\/www.chateaudelaubade.com\/file\/2023\/03\/wsc_sanfrancisco-150x150.jpg 150w\" sizes=\"auto, (max-width: 200px) 100vw, 200px\" \/><\/div>\n<div class=\"medaille\"><img loading=\"lazy\" decoding=\"async\" src=\"https:\/\/www.chateaudelaubade.com\/file\/2023\/03\/usc.jpg\" alt=\"usc\" width=\"200\" height=\"200\" class=\"alignnone size-full wp-image-379\" srcset=\"https:\/\/www.chateaudelaubade.com\/file\/2023\/03\/usc.jpg 200w, https:\/\/www.chateaudelaubade.com\/file\/2023\/03\/usc-150x150.jpg 150w\" sizes=\"auto, (max-width: 200px) 100vw, 200px\" \/><\/div>\n<div class=\"medaille\"><img loading=\"lazy\" decoding=\"async\" src=\"https:\/\/www.chateaudelaubade.com\/file\/2023\/03\/wsa.jpg\" alt=\"World Spirits Awards\" width=\"200\" height=\"200\" class=\"alignnone size-full wp-image-550\" srcset=\"https:\/\/www.chateaudelaubade.com\/file\/2023\/03\/wsa.jpg 200w, https:\/\/www.chateaudelaubade.com\/file\/2023\/03\/wsa-150x150.jpg 150w\" sizes=\"auto, (max-width: 200px) 100vw, 200px\" \/><\/div>\n<\/div>\n<div class=\"medailles\">\n<div class=\"medaille\"><img loading=\"lazy\" decoding=\"async\" src=\"https:\/\/www.chateaudelaubade.com\/file\/2023\/03\/iwsc.jpg\" alt=\"iwsc\" width=\"200\" height=\"200\" class=\"alignnone size-full wp-image-373\" srcset=\"https:\/\/www.chateaudelaubade.com\/file\/2023\/03\/iwsc.jpg 200w, https:\/\/www.chateaudelaubade.com\/file\/2023\/03\/iwsc-150x150.jpg 150w\" sizes=\"auto, (max-width: 200px) 100vw, 200px\" \/><\/div>\n<div class=\"medaille\"><img loading=\"lazy\" decoding=\"async\" src=\"https:\/\/www.chateaudelaubade.com\/file\/2023\/03\/spiritjournal.jpg\" alt=\"spirit journal\" width=\"200\" height=\"200\" class=\"alignnone size-full wp-image-551\" srcset=\"https:\/\/www.chateaudelaubade.com\/file\/2023\/03\/spiritjournal.jpg 200w, https:\/\/www.chateaudelaubade.com\/file\/2023\/03\/spiritjournal-150x150.jpg 150w\" sizes=\"auto, (max-width: 200px) 100vw, 200px\" \/><\/div>\n<div class=\"medaille\"><img loading=\"lazy\" decoding=\"async\" src=\"https:\/\/www.chateaudelaubade.com\/file\/2023\/03\/cga_paris.jpg\" alt=\"cga_paris\" width=\"200\" height=\"200\" class=\"alignnone size-full wp-image-372\" srcset=\"https:\/\/www.chateaudelaubade.com\/file\/2023\/03\/cga_paris.jpg 200w, https:\/\/www.chateaudelaubade.com\/file\/2023\/03\/cga_paris-150x150.jpg 150w\" sizes=\"auto, (max-width: 200px) 100vw, 200px\" \/><\/div>\n<\/div>\n<hr>\n<\/div>\n<\/div>\n<\/div>\n","protected":false},"excerpt":{"rendered":"<p>COLLECTOR VINTAGES Vintages over 50 years\u2019 old After maturing in barrel for approximately 50 years, the extremely rare \u201cCollection\u201d vintages are transferred to demijohns, in order to preserve their qualities and control the loss of volume known as the \u201cangels\u2019 share\u201d. The most venerable examples are stored in the \u201cParadis\u201d, a small aging cellar set [&hellip;]<\/p>\n","protected":false},"author":1,"featured_media":0,"parent":0,"menu_order":0,"comment_status":"closed","ping_status":"closed","template":"page-quintessence.php","meta":{"footnotes":""},"class_list":["post-848","page","type-page","status-publish","hentry"],"yoast_head":" \n<title>COLLECTOR VINTAGES - Ch\u00e2teau de Laubade<\/title>\n<meta name=\"description\" content=\"After a maturation period of about 50 years, the extremely rare &quot;Collection&quot; vintages are housed in &quot;dames jeannes&quot;.\" \/>\n<meta name=\"robots\" content=\"index, follow, max-snippet:-1, max-image-preview:large, max-video-preview:-1\" \/>\n<link rel=\"canonical\" href=\"https:\/\/www.chateaudelaubade.com\/en\/collector-vintages\/\" \/>\n<meta property=\"og:locale\" content=\"en_US\" \/>\n<meta property=\"og:type\" content=\"article\" \/>\n<meta property=\"og:title\" content=\"COLLECTOR VINTAGES - Ch\u00e2teau de Laubade\" \/>\n<meta property=\"og:description\" content=\"After a maturation period of about 50 years, the extremely rare &quot;Collection&quot; vintages are housed in &quot;dames jeannes&quot;.\" \/>\n<meta property=\"og:url\" content=\"https:\/\/www.chateaudelaubade.com\/en\/collector-vintages\/\" \/>\n<meta property=\"og:site_name\" content=\"Ch\u00e2teau De Laubade, Propri\u00e9t\u00e9 familiale en Bas Armagnac\" \/>\n<meta property=\"article:modified_time\" content=\"2023-07-21T14:39:01+00:00\" \/>\n<meta property=\"og:image\" content=\"https:\/\/www.chateaudelaubade.com\/file\/2023\/02\/collection_pack.jpg\" \/>\n<meta name=\"twitter:card\" content=\"summary_large_image\" \/>\n<meta name=\"twitter:label1\" content=\"Est. reading time\" \/>\n\t<meta name=\"twitter:data1\" content=\"2 minutes\" \/>\n<script type=\"application\/ld+json\" class=\"yoast-schema-graph\">{\"@context\":\"https:\\\/\\\/schema.org\",\"@graph\":[{\"@type\":\"WebPage\",\"@id\":\"https:\\\/\\\/www.chateaudelaubade.com\\\/en\\\/collector-vintages\\\/\",\"url\":\"https:\\\/\\\/www.chateaudelaubade.com\\\/en\\\/collector-vintages\\\/\",\"name\":\"COLLECTOR VINTAGES - Ch\u00e2teau de Laubade\",\"isPartOf\":{\"@id\":\"https:\\\/\\\/www.chateaudelaubade.com\\\/#website\"},\"primaryImageOfPage\":{\"@id\":\"https:\\\/\\\/www.chateaudelaubade.com\\\/en\\\/collector-vintages\\\/#primaryimage\"},\"image\":{\"@id\":\"https:\\\/\\\/www.chateaudelaubade.com\\\/en\\\/collector-vintages\\\/#primaryimage\"},\"thumbnailUrl\":\"https:\\\/\\\/www.chateaudelaubade.com\\\/inc\\\/uploads\\\/2023\\\/02\\\/collection_pack.jpg\",\"datePublished\":\"2023-02-12T17:50:10+00:00\",\"dateModified\":\"2023-07-21T14:39:01+00:00\",\"description\":\"After a maturation period of about 50 years, the extremely rare \\\"Collection\\\" vintages are housed in \\\"dames jeannes\\\".\",\"breadcrumb\":{\"@id\":\"https:\\\/\\\/www.chateaudelaubade.com\\\/en\\\/collector-vintages\\\/#breadcrumb\"},\"inLanguage\":\"en-US\",\"potentialAction\":[{\"@type\":\"ReadAction\",\"target\":[\"https:\\\/\\\/www.chateaudelaubade.com\\\/en\\\/collector-vintages\\\/\"]}]},{\"@type\":\"ImageObject\",\"inLanguage\":\"en-US\",\"@id\":\"https:\\\/\\\/www.chateaudelaubade.com\\\/en\\\/collector-vintages\\\/#primaryimage\",\"url\":\"https:\\\/\\\/www.chateaudelaubade.com\\\/inc\\\/uploads\\\/2023\\\/02\\\/collection_pack.jpg\",\"contentUrl\":\"https:\\\/\\\/www.chateaudelaubade.com\\\/inc\\\/uploads\\\/2023\\\/02\\\/collection_pack.jpg\"},{\"@type\":\"BreadcrumbList\",\"@id\":\"https:\\\/\\\/www.chateaudelaubade.com\\\/en\\\/collector-vintages\\\/#breadcrumb\",\"itemListElement\":[{\"@type\":\"ListItem\",\"position\":1,\"name\":\"Accueil\",\"item\":\"https:\\\/\\\/www.chateaudelaubade.com\\\/en\\\/\"},{\"@type\":\"ListItem\",\"position\":2,\"name\":\"COLLECTOR VINTAGES\"}]},{\"@type\":\"WebSite\",\"@id\":\"https:\\\/\\\/www.chateaudelaubade.com\\\/#website\",\"url\":\"https:\\\/\\\/www.chateaudelaubade.com\\\/\",\"name\":\"Ch\u00e2teau De Laubade, Propri\u00e9t\u00e9 familiale en Bas-Armagnac\",\"description\":\"Le Ch\u00e2teau de Laubade, b\u00e2ti en 1870, est aujourd&#039;hui la premi\u00e8re propri\u00e9t\u00e9 d&#039;Armagnac constitu\u00e9e de 105 hectares de vignes d&#039;un seul tenant.\",\"publisher\":{\"@id\":\"https:\\\/\\\/www.chateaudelaubade.com\\\/#organization\"},\"potentialAction\":[{\"@type\":\"SearchAction\",\"target\":{\"@type\":\"EntryPoint\",\"urlTemplate\":\"https:\\\/\\\/www.chateaudelaubade.com\\\/?s={search_term_string}\"},\"query-input\":{\"@type\":\"PropertyValueSpecification\",\"valueRequired\":true,\"valueName\":\"search_term_string\"}}],\"inLanguage\":\"en-US\"},{\"@type\":\"Organization\",\"@id\":\"https:\\\/\\\/www.chateaudelaubade.com\\\/#organization\",\"name\":\"Ch\u00e2teau De Laubade, Propri\u00e9t\u00e9 familiale en Bas-Armagnac\",\"url\":\"https:\\\/\\\/www.chateaudelaubade.com\\\/\",\"logo\":{\"@type\":\"ImageObject\",\"inLanguage\":\"en-US\",\"@id\":\"https:\\\/\\\/www.chateaudelaubade.com\\\/#\\\/schema\\\/logo\\\/image\\\/\",\"url\":\"https:\\\/\\\/www.chateaudelaubade.com\\\/inc\\\/uploads\\\/2023\\\/02\\\/favicon.png\",\"contentUrl\":\"https:\\\/\\\/www.chateaudelaubade.com\\\/inc\\\/uploads\\\/2023\\\/02\\\/favicon.png\",\"width\":512,\"height\":512,\"caption\":\"Ch\u00e2teau De Laubade, Propri\u00e9t\u00e9 familiale en Bas-Armagnac\"},\"image\":{\"@id\":\"https:\\\/\\\/www.chateaudelaubade.com\\\/#\\\/schema\\\/logo\\\/image\\\/\"}}]}<\/script>\n ","yoast_head_json":{"title":"COLLECTOR VINTAGES - Ch\u00e2teau de Laubade","description":"After a maturation period of about 50 years, the extremely rare \"Collection\" vintages are housed in \"dames jeannes\".","robots":{"index":"index","follow":"follow","max-snippet":"max-snippet:-1","max-image-preview":"max-image-preview:large","max-video-preview":"max-video-preview:-1"},"canonical":"https:\/\/www.chateaudelaubade.com\/en\/collector-vintages\/","og_locale":"en_US","og_type":"article","og_title":"COLLECTOR VINTAGES - Ch\u00e2teau de Laubade","og_description":"After a maturation period of about 50 years, the extremely rare \"Collection\" vintages are housed in \"dames jeannes\".","og_url":"https:\/\/www.chateaudelaubade.com\/en\/collector-vintages\/","og_site_name":"Ch\u00e2teau De Laubade, Propri\u00e9t\u00e9 familiale en Bas Armagnac","article_modified_time":"2023-07-21T14:39:01+00:00","og_image":[{"url":"https:\/\/www.chateaudelaubade.com\/file\/2023\/02\/collection_pack.jpg","type":"","width":"","height":""}],"twitter_card":"summary_large_image","twitter_misc":{"Est. reading time":"2 minutes"},"schema":{"@context":"https:\/\/schema.org","@graph":[{"@type":"WebPage","@id":"https:\/\/www.chateaudelaubade.com\/en\/collector-vintages\/","url":"https:\/\/www.chateaudelaubade.com\/en\/collector-vintages\/","name":"COLLECTOR VINTAGES - Ch\u00e2teau de Laubade","isPartOf":{"@id":"https:\/\/www.chateaudelaubade.com\/#website"},"primaryImageOfPage":{"@id":"https:\/\/www.chateaudelaubade.com\/en\/collector-vintages\/#primaryimage"},"image":{"@id":"https:\/\/www.chateaudelaubade.com\/en\/collector-vintages\/#primaryimage"},"thumbnailUrl":"https:\/\/www.chateaudelaubade.com\/file\/2023\/02\/collection_pack.jpg","datePublished":"2023-02-12T17:50:10+00:00","dateModified":"2023-07-21T14:39:01+00:00","description":"After a maturation period of about 50 years, the extremely rare \"Collection\" vintages are housed in \"dames jeannes\".","breadcrumb":{"@id":"https:\/\/www.chateaudelaubade.com\/en\/collector-vintages\/#breadcrumb"},"inLanguage":"en-US","potentialAction":[{"@type":"ReadAction","target":["https:\/\/www.chateaudelaubade.com\/en\/collector-vintages\/"]}]},{"@type":"ImageObject","inLanguage":"en-US","@id":"https:\/\/www.chateaudelaubade.com\/en\/collector-vintages\/#primaryimage","url":"https:\/\/www.chateaudelaubade.com\/file\/2023\/02\/collection_pack.jpg","contentUrl":"https:\/\/www.chateaudelaubade.com\/file\/2023\/02\/collection_pack.jpg"},{"@type":"BreadcrumbList","@id":"https:\/\/www.chateaudelaubade.com\/en\/collector-vintages\/#breadcrumb","itemListElement":[{"@type":"ListItem","position":1,"name":"Accueil","item":"https:\/\/www.chateaudelaubade.com\/en\/"},{"@type":"ListItem","position":2,"name":"COLLECTOR VINTAGES"}]},{"@type":"WebSite","@id":"https:\/\/www.chateaudelaubade.com\/#website","url":"https:\/\/www.chateaudelaubade.com\/","name":"Ch\u00e2teau De Laubade, Propri\u00e9t\u00e9 familiale en Bas-Armagnac","description":"Le Ch\u00e2teau de Laubade, b\u00e2ti en 1870, est aujourd&#039;hui la premi\u00e8re propri\u00e9t\u00e9 d&#039;Armagnac constitu\u00e9e de 105 hectares de vignes d&#039;un seul tenant.","publisher":{"@id":"https:\/\/www.chateaudelaubade.com\/#organization"},"potentialAction":[{"@type":"SearchAction","target":{"@type":"EntryPoint","urlTemplate":"https:\/\/www.chateaudelaubade.com\/?s={search_term_string}"},"query-input":{"@type":"PropertyValueSpecification","valueRequired":true,"valueName":"search_term_string"}}],"inLanguage":"en-US"},{"@type":"Organization","@id":"https:\/\/www.chateaudelaubade.com\/#organization","name":"Ch\u00e2teau De Laubade, Propri\u00e9t\u00e9 familiale en Bas-Armagnac","url":"https:\/\/www.chateaudelaubade.com\/","logo":{"@type":"ImageObject","inLanguage":"en-US","@id":"https:\/\/www.chateaudelaubade.com\/#\/schema\/logo\/image\/","url":"https:\/\/www.chateaudelaubade.com\/file\/2023\/02\/favicon.png","contentUrl":"https:\/\/www.chateaudelaubade.com\/file\/2023\/02\/favicon.png","width":512,"height":512,"caption":"Ch\u00e2teau De Laubade, Propri\u00e9t\u00e9 familiale en Bas-Armagnac"},"image":{"@id":"https:\/\/www.chateaudelaubade.com\/#\/schema\/logo\/image\/"}}]}},"_links":{"self":[{"href":"https:\/\/www.chateaudelaubade.com\/en\/wp-json\/wp\/v2\/pages\/848","targetHints":{"allow":["GET"]}}],"collection":[{"href":"https:\/\/www.chateaudelaubade.com\/en\/wp-json\/wp\/v2\/pages"}],"about":[{"href":"https:\/\/www.chateaudelaubade.com\/en\/wp-json\/wp\/v2\/types\/page"}],"author":[{"embeddable":true,"href":"https:\/\/www.chateaudelaubade.com\/en\/wp-json\/wp\/v2\/users\/1"}],"replies":[{"embeddable":true,"href":"https:\/\/www.chateaudelaubade.com\/en\/wp-json\/wp\/v2\/comments?post=848"}],"version-history":[{"count":3,"href":"https:\/\/www.chateaudelaubade.com\/en\/wp-json\/wp\/v2\/pages\/848\/revisions"}],"predecessor-version":[{"id":1707,"href":"https:\/\/www.chateaudelaubade.com\/en\/wp-json\/wp\/v2\/pages\/848\/revisions\/1707"}],"wp:attachment":[{"href":"https:\/\/www.chateaudelaubade.com\/en\/wp-json\/wp\/v2\/media?parent=848"}],"curies":[{"name":"wp","href":"https:\/\/api.w.org\/{rel}","templated":true}]}}