{"id":850,"date":"2023-02-12T19:01:51","date_gmt":"2023-02-12T18:01:51","guid":{"rendered":"https:\/\/www.chateaudelaubade.com\/signature\/"},"modified":"2023-04-19T16:01:13","modified_gmt":"2023-04-19T14:01:13","slug":"signature","status":"publish","type":"page","link":"https:\/\/www.chateaudelaubade.com\/en\/signature\/","title":{"rendered":"SIGNATURE"},"content":{"rendered":"<div class=\"parallax signature\">\n<div class=\"arrow\"><span><\/span><span><\/span><span><\/span><\/div>\n<\/div>\n<div class=\"bloc sub\">\n<div data-aos=\"fade-up\" data-aos-duration=\"800\" class=\"aos-init aos-animate img\">\n<img loading=\"lazy\" decoding=\"async\" src=\"https:\/\/www.chateaudelaubade.com\/file\/2023\/02\/signature_pack.jpg\" alt=\"SIGNATURE \u00ab L\u2019AUTHENTIQUE \u00bb Ch\u00e2teau de Laubade\" width=\"1280\" height=\"1280\" class=\"alignnone size-full wp-image-260\" srcset=\"https:\/\/www.chateaudelaubade.com\/file\/2023\/02\/signature_pack.jpg 1280w, https:\/\/www.chateaudelaubade.com\/file\/2023\/02\/signature_pack-300x300.jpg 300w, https:\/\/www.chateaudelaubade.com\/file\/2023\/02\/signature_pack-1024x1024.jpg 1024w, https:\/\/www.chateaudelaubade.com\/file\/2023\/02\/signature_pack-150x150.jpg 150w, https:\/\/www.chateaudelaubade.com\/file\/2023\/02\/signature_pack-768x768.jpg 768w\" sizes=\"auto, (max-width: 1280px) 100vw, 1280px\" \/>\n<\/div>\n<div data-aos=\"fade-up\" data-aos-duration=\"800\" class=\"aos-init aos-animate text\">\n<div>\n<h1>SIGNATURE <strong>AUTHENTIC<\/strong><\/h1>\n<hr>\n<h2>Aging 3 &#8211; 5 years<\/h2>\n<p>Designed for mixology and bottled at 42% ABV, the Signature blend is delicious with natural tonic water, as an aperitif or after a meal. It has a seductive golden color and intense, expressive aromas.<\/p>\n<p>The outstanding Signature bouquet features hints of fresh fruit, spices, vanilla, licorice, and tea, rounded off with subtle hints of ivy and linden blossom.<br \/>\nThe initial impression on the palate is soft, evolving into more powerful flavors, with an expressive aftertaste featuring oaky, toasty notes. <\/p>\n<p><a class=\"btn\" href=\"https:\/\/www.chateaudelaubade.com\/downloads\/FT_SIGNATURE_EN.pdf\" target=\"_blank\" rel=\"noopener\">Download the product sheet<\/a><\/p>\n<hr\/>\n<div class=\"medailles\">\n<div class=\"medaille\"><img loading=\"lazy\" decoding=\"async\" src=\"https:\/\/www.chateaudelaubade.com\/file\/2023\/03\/argent_wsa2019.jpg\" alt=\"\" width=\"200\" height=\"200\" class=\"alignnone size-full wp-image-406\" srcset=\"https:\/\/www.chateaudelaubade.com\/file\/2023\/03\/argent_wsa2019.jpg 200w, https:\/\/www.chateaudelaubade.com\/file\/2023\/03\/argent_wsa2019-150x150.jpg 150w\" sizes=\"auto, (max-width: 200px) 100vw, 200px\" \/><span>Silver Medal<\/span> <em>World Spirits Awards, 2019<\/em><\/div>\n<\/div>\n<hr\/>\n<\/div>\n<\/div>\n<\/div>\n","protected":false},"excerpt":{"rendered":"<p>SIGNATURE AUTHENTIC Aging 3 &#8211; 5 years Designed for mixology and bottled at 42% ABV, the Signature blend is delicious with natural tonic water, as an aperitif or after a meal. It has a seductive golden color and intense, expressive aromas. The outstanding Signature bouquet features hints of fresh fruit, spices, vanilla, licorice, and tea, [&hellip;]<\/p>\n","protected":false},"author":1,"featured_media":0,"parent":0,"menu_order":0,"comment_status":"closed","ping_status":"closed","template":"page-mixologie.php","meta":{"footnotes":""},"class_list":["post-850","page","type-page","status-publish","hentry"],"yoast_head":" \n<title>SIGNATURE - Ch\u00e2teau de Laubade<\/title>\n<meta name=\"description\" content=\"The Signature can be drunk with a natural tonic, as an aperitif or as a digestive. It has a seductive golden colour and an intense and expressive nose.\" \/>\n<meta name=\"robots\" content=\"index, follow, max-snippet:-1, max-image-preview:large, max-video-preview:-1\" \/>\n<link rel=\"canonical\" href=\"https:\/\/www.chateaudelaubade.com\/en\/signature\/\" \/>\n<meta property=\"og:locale\" content=\"en_US\" \/>\n<meta property=\"og:type\" content=\"article\" \/>\n<meta property=\"og:title\" content=\"SIGNATURE - Ch\u00e2teau de Laubade\" \/>\n<meta property=\"og:description\" content=\"The Signature can be drunk with a natural tonic, as an aperitif or as a digestive. It has a seductive golden colour and an intense and expressive nose.\" \/>\n<meta property=\"og:url\" content=\"https:\/\/www.chateaudelaubade.com\/en\/signature\/\" \/>\n<meta property=\"og:site_name\" content=\"Ch\u00e2teau De Laubade, Propri\u00e9t\u00e9 familiale en Bas Armagnac\" \/>\n<meta property=\"article:modified_time\" content=\"2023-04-19T14:01:13+00:00\" \/>\n<meta property=\"og:image\" content=\"https:\/\/www.chateaudelaubade.com\/file\/2023\/02\/signature_pack.jpg\" \/>\n<meta name=\"twitter:card\" content=\"summary_large_image\" \/>\n<meta name=\"twitter:label1\" content=\"Est. reading time\" \/>\n\t<meta name=\"twitter:data1\" content=\"1 minute\" \/>\n<script type=\"application\/ld+json\" class=\"yoast-schema-graph\">{\"@context\":\"https:\\\/\\\/schema.org\",\"@graph\":[{\"@type\":\"WebPage\",\"@id\":\"https:\\\/\\\/www.chateaudelaubade.com\\\/en\\\/signature\\\/\",\"url\":\"https:\\\/\\\/www.chateaudelaubade.com\\\/en\\\/signature\\\/\",\"name\":\"SIGNATURE - Ch\u00e2teau de Laubade\",\"isPartOf\":{\"@id\":\"https:\\\/\\\/www.chateaudelaubade.com\\\/#website\"},\"primaryImageOfPage\":{\"@id\":\"https:\\\/\\\/www.chateaudelaubade.com\\\/en\\\/signature\\\/#primaryimage\"},\"image\":{\"@id\":\"https:\\\/\\\/www.chateaudelaubade.com\\\/en\\\/signature\\\/#primaryimage\"},\"thumbnailUrl\":\"https:\\\/\\\/www.chateaudelaubade.com\\\/inc\\\/uploads\\\/2023\\\/02\\\/signature_pack.jpg\",\"datePublished\":\"2023-02-12T18:01:51+00:00\",\"dateModified\":\"2023-04-19T14:01:13+00:00\",\"description\":\"The Signature can be drunk with a natural tonic, as an aperitif or as a digestive. It has a seductive golden colour and an intense and expressive nose.\",\"breadcrumb\":{\"@id\":\"https:\\\/\\\/www.chateaudelaubade.com\\\/en\\\/signature\\\/#breadcrumb\"},\"inLanguage\":\"en-US\",\"potentialAction\":[{\"@type\":\"ReadAction\",\"target\":[\"https:\\\/\\\/www.chateaudelaubade.com\\\/en\\\/signature\\\/\"]}]},{\"@type\":\"ImageObject\",\"inLanguage\":\"en-US\",\"@id\":\"https:\\\/\\\/www.chateaudelaubade.com\\\/en\\\/signature\\\/#primaryimage\",\"url\":\"https:\\\/\\\/www.chateaudelaubade.com\\\/inc\\\/uploads\\\/2023\\\/02\\\/signature_pack.jpg\",\"contentUrl\":\"https:\\\/\\\/www.chateaudelaubade.com\\\/inc\\\/uploads\\\/2023\\\/02\\\/signature_pack.jpg\"},{\"@type\":\"BreadcrumbList\",\"@id\":\"https:\\\/\\\/www.chateaudelaubade.com\\\/en\\\/signature\\\/#breadcrumb\",\"itemListElement\":[{\"@type\":\"ListItem\",\"position\":1,\"name\":\"Accueil\",\"item\":\"https:\\\/\\\/www.chateaudelaubade.com\\\/en\\\/\"},{\"@type\":\"ListItem\",\"position\":2,\"name\":\"SIGNATURE\"}]},{\"@type\":\"WebSite\",\"@id\":\"https:\\\/\\\/www.chateaudelaubade.com\\\/#website\",\"url\":\"https:\\\/\\\/www.chateaudelaubade.com\\\/\",\"name\":\"Ch\u00e2teau De Laubade, Propri\u00e9t\u00e9 familiale en Bas-Armagnac\",\"description\":\"Le Ch\u00e2teau de Laubade, b\u00e2ti en 1870, est aujourd&#039;hui la premi\u00e8re propri\u00e9t\u00e9 d&#039;Armagnac constitu\u00e9e de 105 hectares de vignes d&#039;un seul tenant.\",\"publisher\":{\"@id\":\"https:\\\/\\\/www.chateaudelaubade.com\\\/#organization\"},\"potentialAction\":[{\"@type\":\"SearchAction\",\"target\":{\"@type\":\"EntryPoint\",\"urlTemplate\":\"https:\\\/\\\/www.chateaudelaubade.com\\\/?s={search_term_string}\"},\"query-input\":{\"@type\":\"PropertyValueSpecification\",\"valueRequired\":true,\"valueName\":\"search_term_string\"}}],\"inLanguage\":\"en-US\"},{\"@type\":\"Organization\",\"@id\":\"https:\\\/\\\/www.chateaudelaubade.com\\\/#organization\",\"name\":\"Ch\u00e2teau De Laubade, Propri\u00e9t\u00e9 familiale en Bas-Armagnac\",\"url\":\"https:\\\/\\\/www.chateaudelaubade.com\\\/\",\"logo\":{\"@type\":\"ImageObject\",\"inLanguage\":\"en-US\",\"@id\":\"https:\\\/\\\/www.chateaudelaubade.com\\\/#\\\/schema\\\/logo\\\/image\\\/\",\"url\":\"https:\\\/\\\/www.chateaudelaubade.com\\\/inc\\\/uploads\\\/2023\\\/02\\\/favicon.png\",\"contentUrl\":\"https:\\\/\\\/www.chateaudelaubade.com\\\/inc\\\/uploads\\\/2023\\\/02\\\/favicon.png\",\"width\":512,\"height\":512,\"caption\":\"Ch\u00e2teau De Laubade, Propri\u00e9t\u00e9 familiale en Bas-Armagnac\"},\"image\":{\"@id\":\"https:\\\/\\\/www.chateaudelaubade.com\\\/#\\\/schema\\\/logo\\\/image\\\/\"}}]}<\/script>\n ","yoast_head_json":{"title":"SIGNATURE - Ch\u00e2teau de Laubade","description":"The Signature can be drunk with a natural tonic, as an aperitif or as a digestive. It has a seductive golden colour and an intense and expressive nose.","robots":{"index":"index","follow":"follow","max-snippet":"max-snippet:-1","max-image-preview":"max-image-preview:large","max-video-preview":"max-video-preview:-1"},"canonical":"https:\/\/www.chateaudelaubade.com\/en\/signature\/","og_locale":"en_US","og_type":"article","og_title":"SIGNATURE - Ch\u00e2teau de Laubade","og_description":"The Signature can be drunk with a natural tonic, as an aperitif or as a digestive. It has a seductive golden colour and an intense and expressive nose.","og_url":"https:\/\/www.chateaudelaubade.com\/en\/signature\/","og_site_name":"Ch\u00e2teau De Laubade, Propri\u00e9t\u00e9 familiale en Bas Armagnac","article_modified_time":"2023-04-19T14:01:13+00:00","og_image":[{"url":"https:\/\/www.chateaudelaubade.com\/file\/2023\/02\/signature_pack.jpg","type":"","width":"","height":""}],"twitter_card":"summary_large_image","twitter_misc":{"Est. reading time":"1 minute"},"schema":{"@context":"https:\/\/schema.org","@graph":[{"@type":"WebPage","@id":"https:\/\/www.chateaudelaubade.com\/en\/signature\/","url":"https:\/\/www.chateaudelaubade.com\/en\/signature\/","name":"SIGNATURE - Ch\u00e2teau de Laubade","isPartOf":{"@id":"https:\/\/www.chateaudelaubade.com\/#website"},"primaryImageOfPage":{"@id":"https:\/\/www.chateaudelaubade.com\/en\/signature\/#primaryimage"},"image":{"@id":"https:\/\/www.chateaudelaubade.com\/en\/signature\/#primaryimage"},"thumbnailUrl":"https:\/\/www.chateaudelaubade.com\/file\/2023\/02\/signature_pack.jpg","datePublished":"2023-02-12T18:01:51+00:00","dateModified":"2023-04-19T14:01:13+00:00","description":"The Signature can be drunk with a natural tonic, as an aperitif or as a digestive. It has a seductive golden colour and an intense and expressive nose.","breadcrumb":{"@id":"https:\/\/www.chateaudelaubade.com\/en\/signature\/#breadcrumb"},"inLanguage":"en-US","potentialAction":[{"@type":"ReadAction","target":["https:\/\/www.chateaudelaubade.com\/en\/signature\/"]}]},{"@type":"ImageObject","inLanguage":"en-US","@id":"https:\/\/www.chateaudelaubade.com\/en\/signature\/#primaryimage","url":"https:\/\/www.chateaudelaubade.com\/file\/2023\/02\/signature_pack.jpg","contentUrl":"https:\/\/www.chateaudelaubade.com\/file\/2023\/02\/signature_pack.jpg"},{"@type":"BreadcrumbList","@id":"https:\/\/www.chateaudelaubade.com\/en\/signature\/#breadcrumb","itemListElement":[{"@type":"ListItem","position":1,"name":"Accueil","item":"https:\/\/www.chateaudelaubade.com\/en\/"},{"@type":"ListItem","position":2,"name":"SIGNATURE"}]},{"@type":"WebSite","@id":"https:\/\/www.chateaudelaubade.com\/#website","url":"https:\/\/www.chateaudelaubade.com\/","name":"Ch\u00e2teau De Laubade, Propri\u00e9t\u00e9 familiale en Bas-Armagnac","description":"Le Ch\u00e2teau de Laubade, b\u00e2ti en 1870, est aujourd&#039;hui la premi\u00e8re propri\u00e9t\u00e9 d&#039;Armagnac constitu\u00e9e de 105 hectares de vignes d&#039;un seul tenant.","publisher":{"@id":"https:\/\/www.chateaudelaubade.com\/#organization"},"potentialAction":[{"@type":"SearchAction","target":{"@type":"EntryPoint","urlTemplate":"https:\/\/www.chateaudelaubade.com\/?s={search_term_string}"},"query-input":{"@type":"PropertyValueSpecification","valueRequired":true,"valueName":"search_term_string"}}],"inLanguage":"en-US"},{"@type":"Organization","@id":"https:\/\/www.chateaudelaubade.com\/#organization","name":"Ch\u00e2teau De Laubade, Propri\u00e9t\u00e9 familiale en Bas-Armagnac","url":"https:\/\/www.chateaudelaubade.com\/","logo":{"@type":"ImageObject","inLanguage":"en-US","@id":"https:\/\/www.chateaudelaubade.com\/#\/schema\/logo\/image\/","url":"https:\/\/www.chateaudelaubade.com\/file\/2023\/02\/favicon.png","contentUrl":"https:\/\/www.chateaudelaubade.com\/file\/2023\/02\/favicon.png","width":512,"height":512,"caption":"Ch\u00e2teau De Laubade, Propri\u00e9t\u00e9 familiale en Bas-Armagnac"},"image":{"@id":"https:\/\/www.chateaudelaubade.com\/#\/schema\/logo\/image\/"}}]}},"_links":{"self":[{"href":"https:\/\/www.chateaudelaubade.com\/en\/wp-json\/wp\/v2\/pages\/850","targetHints":{"allow":["GET"]}}],"collection":[{"href":"https:\/\/www.chateaudelaubade.com\/en\/wp-json\/wp\/v2\/pages"}],"about":[{"href":"https:\/\/www.chateaudelaubade.com\/en\/wp-json\/wp\/v2\/types\/page"}],"author":[{"embeddable":true,"href":"https:\/\/www.chateaudelaubade.com\/en\/wp-json\/wp\/v2\/users\/1"}],"replies":[{"embeddable":true,"href":"https:\/\/www.chateaudelaubade.com\/en\/wp-json\/wp\/v2\/comments?post=850"}],"version-history":[{"count":2,"href":"https:\/\/www.chateaudelaubade.com\/en\/wp-json\/wp\/v2\/pages\/850\/revisions"}],"predecessor-version":[{"id":904,"href":"https:\/\/www.chateaudelaubade.com\/en\/wp-json\/wp\/v2\/pages\/850\/revisions\/904"}],"wp:attachment":[{"href":"https:\/\/www.chateaudelaubade.com\/en\/wp-json\/wp\/v2\/media?parent=850"}],"curies":[{"name":"wp","href":"https:\/\/api.w.org\/{rel}","templated":true}]}}