{"id":851,"date":"2023-02-12T16:39:32","date_gmt":"2023-02-12T15:39:32","guid":{"rendered":"https:\/\/www.chateaudelaubade.com\/vsop\/"},"modified":"2023-04-18T22:07:37","modified_gmt":"2023-04-18T20:07:37","slug":"vsop","status":"publish","type":"page","link":"https:\/\/www.chateaudelaubade.com\/en\/vsop\/","title":{"rendered":"VSOP"},"content":{"rendered":"<div class=\"parallax vsop\">\n<div class=\"arrow\"><span><\/span><span><\/span><span><\/span><\/div>\n<\/div>\n<div class=\"bloc sub\">\n<div data-aos=\"fade-up\" data-aos-duration=\"800\" class=\"aos-init aos-animate img\">\n<img loading=\"lazy\" decoding=\"async\" src=\"https:\/\/www.chateaudelaubade.com\/file\/2023\/02\/vsop_pack.jpg\" alt=\"VSOP Ch\u00e2teau de Laubade\" width=\"1280\" height=\"1280\" class=\"alignnone size-full wp-image-153\" \/>\n<\/div>\n<div data-aos=\"fade-up\" data-aos-duration=\"800\" class=\"aos-init aos-animate text\">\n<div>\n<h1>VSOP <strong>FRUITY BALANCE<\/strong><\/h1>\n<hr\/>\n<h2>Aging 6 &#8211; 12 years<\/h2>\n<p>The V.S.O.P achieves its fruity balance thanks to the precise blending of the four grape varieties grown on the estate: Baco, Ugni Blanc, Folle Blanche, and Colombard. It has characteristically intense aromas of ripe fruit, plums, and sweet pastries.<\/p>\n<p>On the palate, this Bas Armagnac is subtle and smooth, with hints of vanilla and citrus and a lovely, long aftertaste. The finesse of this blend makes it ideal as an aperitif, in cocktails, or as an after-dinner drink, when there is time to savor its full aromas.<\/p>\n<p>It is also perfectly suited to food and wine pairings and goes very well with honey-sweetened cottage cheese or Gariguette strawberries with cane sugar, followed by coffee.<\/p>\n<p><a class=\"btn\" href=\"https:\/\/www.chateaudelaubade.com\/downloads\/FT_VSOP_EN.pdf\" target=\"_blank\" rel=\"noopener\">Download the product sheet<\/a><\/p>\n<hr\/>\n<div class=\"medailles\">\n<div class=\"medaille\"><img loading=\"lazy\" decoding=\"async\" src=\"https:\/\/www.chateaudelaubade.com\/file\/2023\/03\/cga_paris.jpg\" alt=\"\" width=\"200\" height=\"200\" class=\"alignnone size-full wp-image-372\" srcset=\"https:\/\/www.chateaudelaubade.com\/file\/2023\/03\/cga_paris.jpg 200w, https:\/\/www.chateaudelaubade.com\/file\/2023\/03\/cga_paris-150x150.jpg 150w\" sizes=\"auto, (max-width: 200px) 100vw, 200px\" \/><span>Silver Medal<\/span> <em>Concours G\u00e9n\u00e9ral Agricole de Paris, 2018<\/em><\/div>\n<div class=\"medaille\"><img loading=\"lazy\" decoding=\"async\" src=\"https:\/\/www.chateaudelaubade.com\/file\/2023\/03\/or_wsa2018.jpg\" alt=\"\" width=\"200\" height=\"200\" class=\"alignnone size-full wp-image-382\" srcset=\"https:\/\/www.chateaudelaubade.com\/file\/2023\/03\/or_wsa2018.jpg 200w, https:\/\/www.chateaudelaubade.com\/file\/2023\/03\/or_wsa2018-150x150.jpg 150w\" sizes=\"auto, (max-width: 200px) 100vw, 200px\" \/><span>91\/100, Gold Medal<\/span> <em>World Spirits Awards, 2018<\/em><\/div>\n<\/div>\n<hr\/>\n<\/div>\n<\/div>\n<\/div>\n","protected":false},"excerpt":{"rendered":"<p>VSOP FRUITY BALANCE Aging 6 &#8211; 12 years The V.S.O.P achieves its fruity balance thanks to the precise blending of the four grape varieties grown on the estate: Baco, Ugni Blanc, Folle Blanche, and Colombard. It has characteristically intense aromas of ripe fruit, plums, and sweet pastries. On the palate, this Bas Armagnac is subtle [&hellip;]<\/p>\n","protected":false},"author":1,"featured_media":0,"parent":0,"menu_order":0,"comment_status":"closed","ping_status":"closed","template":"page-essentiels.php","meta":{"footnotes":""},"class_list":["post-851","page","type-page","status-publish","hentry"],"yoast_head":" \n<title>VSOP - Ch\u00e2teau de Laubade<\/title>\n<meta name=\"description\" content=\"The fruity balance of the V.S.O.P. is the right blend of the 4 grape varieties of the property: Baco, Ugni Blanc, Folle Blanche and Colombard\" \/>\n<meta name=\"robots\" content=\"index, follow, max-snippet:-1, max-image-preview:large, max-video-preview:-1\" \/>\n<link rel=\"canonical\" href=\"https:\/\/www.chateaudelaubade.com\/en\/vsop\/\" \/>\n<meta property=\"og:locale\" content=\"en_US\" \/>\n<meta property=\"og:type\" content=\"article\" \/>\n<meta property=\"og:title\" content=\"VSOP - Ch\u00e2teau de Laubade\" \/>\n<meta property=\"og:description\" content=\"The fruity balance of the V.S.O.P. is the right blend of the 4 grape varieties of the property: Baco, Ugni Blanc, Folle Blanche and Colombard\" \/>\n<meta property=\"og:url\" content=\"https:\/\/www.chateaudelaubade.com\/en\/vsop\/\" \/>\n<meta property=\"og:site_name\" content=\"Ch\u00e2teau De Laubade, Propri\u00e9t\u00e9 familiale en Bas Armagnac\" \/>\n<meta property=\"article:modified_time\" content=\"2023-04-18T20:07:37+00:00\" \/>\n<meta property=\"og:image\" content=\"https:\/\/www.chateaudelaubade.com\/file\/2023\/02\/vsop_pack.jpg\" \/>\n<meta name=\"twitter:card\" content=\"summary_large_image\" \/>\n<meta name=\"twitter:label1\" content=\"Est. reading time\" \/>\n\t<meta name=\"twitter:data1\" content=\"2 minutes\" \/>\n<script type=\"application\/ld+json\" class=\"yoast-schema-graph\">{\"@context\":\"https:\\\/\\\/schema.org\",\"@graph\":[{\"@type\":\"WebPage\",\"@id\":\"https:\\\/\\\/www.chateaudelaubade.com\\\/en\\\/vsop\\\/\",\"url\":\"https:\\\/\\\/www.chateaudelaubade.com\\\/en\\\/vsop\\\/\",\"name\":\"VSOP - Ch\u00e2teau de Laubade\",\"isPartOf\":{\"@id\":\"https:\\\/\\\/www.chateaudelaubade.com\\\/#website\"},\"primaryImageOfPage\":{\"@id\":\"https:\\\/\\\/www.chateaudelaubade.com\\\/en\\\/vsop\\\/#primaryimage\"},\"image\":{\"@id\":\"https:\\\/\\\/www.chateaudelaubade.com\\\/en\\\/vsop\\\/#primaryimage\"},\"thumbnailUrl\":\"https:\\\/\\\/www.chateaudelaubade.com\\\/inc\\\/uploads\\\/2023\\\/02\\\/vsop_pack.jpg\",\"datePublished\":\"2023-02-12T15:39:32+00:00\",\"dateModified\":\"2023-04-18T20:07:37+00:00\",\"description\":\"The fruity balance of the V.S.O.P. is the right blend of the 4 grape varieties of the property: Baco, Ugni Blanc, Folle Blanche and Colombard\",\"breadcrumb\":{\"@id\":\"https:\\\/\\\/www.chateaudelaubade.com\\\/en\\\/vsop\\\/#breadcrumb\"},\"inLanguage\":\"en-US\",\"potentialAction\":[{\"@type\":\"ReadAction\",\"target\":[\"https:\\\/\\\/www.chateaudelaubade.com\\\/en\\\/vsop\\\/\"]}]},{\"@type\":\"ImageObject\",\"inLanguage\":\"en-US\",\"@id\":\"https:\\\/\\\/www.chateaudelaubade.com\\\/en\\\/vsop\\\/#primaryimage\",\"url\":\"https:\\\/\\\/www.chateaudelaubade.com\\\/inc\\\/uploads\\\/2023\\\/02\\\/vsop_pack.jpg\",\"contentUrl\":\"https:\\\/\\\/www.chateaudelaubade.com\\\/inc\\\/uploads\\\/2023\\\/02\\\/vsop_pack.jpg\"},{\"@type\":\"BreadcrumbList\",\"@id\":\"https:\\\/\\\/www.chateaudelaubade.com\\\/en\\\/vsop\\\/#breadcrumb\",\"itemListElement\":[{\"@type\":\"ListItem\",\"position\":1,\"name\":\"Accueil\",\"item\":\"https:\\\/\\\/www.chateaudelaubade.com\\\/en\\\/\"},{\"@type\":\"ListItem\",\"position\":2,\"name\":\"VSOP\"}]},{\"@type\":\"WebSite\",\"@id\":\"https:\\\/\\\/www.chateaudelaubade.com\\\/#website\",\"url\":\"https:\\\/\\\/www.chateaudelaubade.com\\\/\",\"name\":\"Ch\u00e2teau De Laubade, Propri\u00e9t\u00e9 familiale en Bas-Armagnac\",\"description\":\"Le Ch\u00e2teau de Laubade, b\u00e2ti en 1870, est aujourd&#039;hui la premi\u00e8re propri\u00e9t\u00e9 d&#039;Armagnac constitu\u00e9e de 105 hectares de vignes d&#039;un seul tenant.\",\"publisher\":{\"@id\":\"https:\\\/\\\/www.chateaudelaubade.com\\\/#organization\"},\"potentialAction\":[{\"@type\":\"SearchAction\",\"target\":{\"@type\":\"EntryPoint\",\"urlTemplate\":\"https:\\\/\\\/www.chateaudelaubade.com\\\/?s={search_term_string}\"},\"query-input\":{\"@type\":\"PropertyValueSpecification\",\"valueRequired\":true,\"valueName\":\"search_term_string\"}}],\"inLanguage\":\"en-US\"},{\"@type\":\"Organization\",\"@id\":\"https:\\\/\\\/www.chateaudelaubade.com\\\/#organization\",\"name\":\"Ch\u00e2teau De Laubade, Propri\u00e9t\u00e9 familiale en Bas-Armagnac\",\"url\":\"https:\\\/\\\/www.chateaudelaubade.com\\\/\",\"logo\":{\"@type\":\"ImageObject\",\"inLanguage\":\"en-US\",\"@id\":\"https:\\\/\\\/www.chateaudelaubade.com\\\/#\\\/schema\\\/logo\\\/image\\\/\",\"url\":\"https:\\\/\\\/www.chateaudelaubade.com\\\/inc\\\/uploads\\\/2023\\\/02\\\/favicon.png\",\"contentUrl\":\"https:\\\/\\\/www.chateaudelaubade.com\\\/inc\\\/uploads\\\/2023\\\/02\\\/favicon.png\",\"width\":512,\"height\":512,\"caption\":\"Ch\u00e2teau De Laubade, Propri\u00e9t\u00e9 familiale en Bas-Armagnac\"},\"image\":{\"@id\":\"https:\\\/\\\/www.chateaudelaubade.com\\\/#\\\/schema\\\/logo\\\/image\\\/\"}}]}<\/script>\n ","yoast_head_json":{"title":"VSOP - Ch\u00e2teau de Laubade","description":"The fruity balance of the V.S.O.P. is the right blend of the 4 grape varieties of the property: Baco, Ugni Blanc, Folle Blanche and Colombard","robots":{"index":"index","follow":"follow","max-snippet":"max-snippet:-1","max-image-preview":"max-image-preview:large","max-video-preview":"max-video-preview:-1"},"canonical":"https:\/\/www.chateaudelaubade.com\/en\/vsop\/","og_locale":"en_US","og_type":"article","og_title":"VSOP - Ch\u00e2teau de Laubade","og_description":"The fruity balance of the V.S.O.P. is the right blend of the 4 grape varieties of the property: Baco, Ugni Blanc, Folle Blanche and Colombard","og_url":"https:\/\/www.chateaudelaubade.com\/en\/vsop\/","og_site_name":"Ch\u00e2teau De Laubade, Propri\u00e9t\u00e9 familiale en Bas Armagnac","article_modified_time":"2023-04-18T20:07:37+00:00","og_image":[{"url":"https:\/\/www.chateaudelaubade.com\/file\/2023\/02\/vsop_pack.jpg","type":"","width":"","height":""}],"twitter_card":"summary_large_image","twitter_misc":{"Est. reading time":"2 minutes"},"schema":{"@context":"https:\/\/schema.org","@graph":[{"@type":"WebPage","@id":"https:\/\/www.chateaudelaubade.com\/en\/vsop\/","url":"https:\/\/www.chateaudelaubade.com\/en\/vsop\/","name":"VSOP - Ch\u00e2teau de Laubade","isPartOf":{"@id":"https:\/\/www.chateaudelaubade.com\/#website"},"primaryImageOfPage":{"@id":"https:\/\/www.chateaudelaubade.com\/en\/vsop\/#primaryimage"},"image":{"@id":"https:\/\/www.chateaudelaubade.com\/en\/vsop\/#primaryimage"},"thumbnailUrl":"https:\/\/www.chateaudelaubade.com\/file\/2023\/02\/vsop_pack.jpg","datePublished":"2023-02-12T15:39:32+00:00","dateModified":"2023-04-18T20:07:37+00:00","description":"The fruity balance of the V.S.O.P. is the right blend of the 4 grape varieties of the property: Baco, Ugni Blanc, Folle Blanche and Colombard","breadcrumb":{"@id":"https:\/\/www.chateaudelaubade.com\/en\/vsop\/#breadcrumb"},"inLanguage":"en-US","potentialAction":[{"@type":"ReadAction","target":["https:\/\/www.chateaudelaubade.com\/en\/vsop\/"]}]},{"@type":"ImageObject","inLanguage":"en-US","@id":"https:\/\/www.chateaudelaubade.com\/en\/vsop\/#primaryimage","url":"https:\/\/www.chateaudelaubade.com\/file\/2023\/02\/vsop_pack.jpg","contentUrl":"https:\/\/www.chateaudelaubade.com\/file\/2023\/02\/vsop_pack.jpg"},{"@type":"BreadcrumbList","@id":"https:\/\/www.chateaudelaubade.com\/en\/vsop\/#breadcrumb","itemListElement":[{"@type":"ListItem","position":1,"name":"Accueil","item":"https:\/\/www.chateaudelaubade.com\/en\/"},{"@type":"ListItem","position":2,"name":"VSOP"}]},{"@type":"WebSite","@id":"https:\/\/www.chateaudelaubade.com\/#website","url":"https:\/\/www.chateaudelaubade.com\/","name":"Ch\u00e2teau De Laubade, Propri\u00e9t\u00e9 familiale en Bas-Armagnac","description":"Le Ch\u00e2teau de Laubade, b\u00e2ti en 1870, est aujourd&#039;hui la premi\u00e8re propri\u00e9t\u00e9 d&#039;Armagnac constitu\u00e9e de 105 hectares de vignes d&#039;un seul tenant.","publisher":{"@id":"https:\/\/www.chateaudelaubade.com\/#organization"},"potentialAction":[{"@type":"SearchAction","target":{"@type":"EntryPoint","urlTemplate":"https:\/\/www.chateaudelaubade.com\/?s={search_term_string}"},"query-input":{"@type":"PropertyValueSpecification","valueRequired":true,"valueName":"search_term_string"}}],"inLanguage":"en-US"},{"@type":"Organization","@id":"https:\/\/www.chateaudelaubade.com\/#organization","name":"Ch\u00e2teau De Laubade, Propri\u00e9t\u00e9 familiale en Bas-Armagnac","url":"https:\/\/www.chateaudelaubade.com\/","logo":{"@type":"ImageObject","inLanguage":"en-US","@id":"https:\/\/www.chateaudelaubade.com\/#\/schema\/logo\/image\/","url":"https:\/\/www.chateaudelaubade.com\/file\/2023\/02\/favicon.png","contentUrl":"https:\/\/www.chateaudelaubade.com\/file\/2023\/02\/favicon.png","width":512,"height":512,"caption":"Ch\u00e2teau De Laubade, Propri\u00e9t\u00e9 familiale en Bas-Armagnac"},"image":{"@id":"https:\/\/www.chateaudelaubade.com\/#\/schema\/logo\/image\/"}}]}},"_links":{"self":[{"href":"https:\/\/www.chateaudelaubade.com\/en\/wp-json\/wp\/v2\/pages\/851","targetHints":{"allow":["GET"]}}],"collection":[{"href":"https:\/\/www.chateaudelaubade.com\/en\/wp-json\/wp\/v2\/pages"}],"about":[{"href":"https:\/\/www.chateaudelaubade.com\/en\/wp-json\/wp\/v2\/types\/page"}],"author":[{"embeddable":true,"href":"https:\/\/www.chateaudelaubade.com\/en\/wp-json\/wp\/v2\/users\/1"}],"replies":[{"embeddable":true,"href":"https:\/\/www.chateaudelaubade.com\/en\/wp-json\/wp\/v2\/comments?post=851"}],"version-history":[{"count":2,"href":"https:\/\/www.chateaudelaubade.com\/en\/wp-json\/wp\/v2\/pages\/851\/revisions"}],"predecessor-version":[{"id":879,"href":"https:\/\/www.chateaudelaubade.com\/en\/wp-json\/wp\/v2\/pages\/851\/revisions\/879"}],"wp:attachment":[{"href":"https:\/\/www.chateaudelaubade.com\/en\/wp-json\/wp\/v2\/media?parent=851"}],"curies":[{"name":"wp","href":"https:\/\/api.w.org\/{rel}","templated":true}]}}