{"id":852,"date":"2023-02-12T16:40:04","date_gmt":"2023-02-12T15:40:04","guid":{"rendered":"https:\/\/www.chateaudelaubade.com\/xo\/"},"modified":"2023-04-19T15:47:48","modified_gmt":"2023-04-19T13:47:48","slug":"xo","status":"publish","type":"page","link":"https:\/\/www.chateaudelaubade.com\/en\/xo\/","title":{"rendered":"XO"},"content":{"rendered":"<div class=\"parallax xo\">\n<div class=\"arrow\"><span><\/span><span><\/span><span><\/span><\/div>\n<\/div>\n<div class=\"bloc sub\">\n<div data-aos=\"fade-up\" data-aos-duration=\"800\" class=\"aos-init aos-animate img\">\n<img loading=\"lazy\" decoding=\"async\" src=\"https:\/\/www.chateaudelaubade.com\/file\/2023\/02\/xo_pack.jpg\" alt=\"XO Ch\u00e2teau de Laubade\" width=\"1280\" height=\"1280\" class=\"alignnone size-full wp-image-178\" srcset=\"https:\/\/www.chateaudelaubade.com\/file\/2023\/02\/xo_pack.jpg 1280w, https:\/\/www.chateaudelaubade.com\/file\/2023\/02\/xo_pack-300x300.jpg 300w, https:\/\/www.chateaudelaubade.com\/file\/2023\/02\/xo_pack-1024x1024.jpg 1024w, https:\/\/www.chateaudelaubade.com\/file\/2023\/02\/xo_pack-150x150.jpg 150w, https:\/\/www.chateaudelaubade.com\/file\/2023\/02\/xo_pack-768x768.jpg 768w\" sizes=\"auto, (max-width: 1280px) 100vw, 1280px\" \/>\n<\/div>\n<div data-aos=\"fade-up\" data-aos-duration=\"800\" class=\"aos-init aos-animate text\">\n<div>\n<h1>XO <strong>WHERE THE LEGEND STARTS<\/strong><\/h1>\n<hr>\n<h2>Aging 15 &#8211; 25 years<\/h2>\n<p>Ch\u00e2teau de Laubade XO is an elixir with a unique, timeless radiance.  <\/p>\n<p>It is a superb, brilliant, deep-amber color, with an intense bouquet, redolent of prunes, vanilla, cinnamon, cocoa, coffee, almonds, and toast, featuring hints of orange peel and dried apricot. Its soft, velvety mouthfeel follows through into enticing complexity. <\/p>\n<p>The smooth aromas and subtle flavors evolve elegantly and harmoniously on the palate, developing into a remarkably long aftertaste.<\/p>\n<p><a class=\"btn\" href=\"https:\/\/www.chateaudelaubade.com\/downloads\/FT_XO_EN.pdf\" target=\"_blank\" rel=\"noopener\">Download the product sheet<\/a><\/p>\n<hr\/>\n<div class=\"medailles\">\n<div class=\"medaille\"><img loading=\"lazy\" decoding=\"async\" src=\"https:\/\/www.chateaudelaubade.com\/file\/2023\/03\/or_wsa2021.jpg\" alt=\"\" width=\"200\" height=\"200\" class=\"alignnone size-full wp-image-376\" srcset=\"https:\/\/www.chateaudelaubade.com\/file\/2023\/03\/or_wsa2021.jpg 200w, https:\/\/www.chateaudelaubade.com\/file\/2023\/03\/or_wsa2021-150x150.jpg 150w\" sizes=\"auto, (max-width: 200px) 100vw, 200px\" \/><span>Gold Medal<\/span> <em>World Spirits Awards, 2021<\/em><\/div>\n<div class=\"medaille\"><img loading=\"lazy\" decoding=\"async\" src=\"https:\/\/www.chateaudelaubade.com\/file\/2023\/03\/iwsc.jpg\" alt=\"\" width=\"200\" height=\"200\" class=\"alignnone size-full wp-image-373\" srcset=\"https:\/\/www.chateaudelaubade.com\/file\/2023\/03\/iwsc.jpg 200w, https:\/\/www.chateaudelaubade.com\/file\/2023\/03\/iwsc-150x150.jpg 150w\" sizes=\"auto, (max-width: 200px) 100vw, 200px\" \/><span>Gold Medal<\/span> <em>International Wine &#038; Spirit Competition, 2018<\/em><\/div>\n<\/div>\n<hr\/>\n<\/div>\n<\/div>\n<\/div>\n","protected":false},"excerpt":{"rendered":"<p>XO WHERE THE LEGEND STARTS Aging 15 &#8211; 25 years Ch\u00e2teau de Laubade XO is an elixir with a unique, timeless radiance. It is a superb, brilliant, deep-amber color, with an intense bouquet, redolent of prunes, vanilla, cinnamon, cocoa, coffee, almonds, and toast, featuring hints of orange peel and dried apricot. Its soft, velvety mouthfeel [&hellip;]<\/p>\n","protected":false},"author":1,"featured_media":0,"parent":0,"menu_order":0,"comment_status":"closed","ping_status":"closed","template":"page-essentiels.php","meta":{"footnotes":""},"class_list":["post-852","page","type-page","status-publish","hentry"],"yoast_head":" \n<title>XO - Ch\u00e2teau de Laubade<\/title>\n<meta name=\"description\" content=\"Ch\u00e2teau de Laubade XO is an elixir that radiates with its unique and timeless character. Aging 15 to 25 years.\" \/>\n<meta name=\"robots\" content=\"index, follow, max-snippet:-1, max-image-preview:large, max-video-preview:-1\" \/>\n<link rel=\"canonical\" href=\"https:\/\/www.chateaudelaubade.com\/en\/xo\/\" \/>\n<meta property=\"og:locale\" content=\"en_US\" \/>\n<meta property=\"og:type\" content=\"article\" \/>\n<meta property=\"og:title\" content=\"XO - Ch\u00e2teau de Laubade\" \/>\n<meta property=\"og:description\" content=\"Ch\u00e2teau de Laubade XO is an elixir that radiates with its unique and timeless character. Aging 15 to 25 years.\" \/>\n<meta property=\"og:url\" content=\"https:\/\/www.chateaudelaubade.com\/en\/xo\/\" \/>\n<meta property=\"og:site_name\" content=\"Ch\u00e2teau De Laubade, Propri\u00e9t\u00e9 familiale en Bas Armagnac\" \/>\n<meta property=\"article:modified_time\" content=\"2023-04-19T13:47:48+00:00\" \/>\n<meta property=\"og:image\" content=\"https:\/\/www.chateaudelaubade.com\/file\/2023\/02\/xo_pack.jpg\" \/>\n<meta name=\"twitter:card\" content=\"summary_large_image\" \/>\n<meta name=\"twitter:label1\" content=\"Est. reading time\" \/>\n\t<meta name=\"twitter:data1\" content=\"2 minutes\" \/>\n<script type=\"application\/ld+json\" class=\"yoast-schema-graph\">{\"@context\":\"https:\\\/\\\/schema.org\",\"@graph\":[{\"@type\":\"WebPage\",\"@id\":\"https:\\\/\\\/www.chateaudelaubade.com\\\/en\\\/xo\\\/\",\"url\":\"https:\\\/\\\/www.chateaudelaubade.com\\\/en\\\/xo\\\/\",\"name\":\"XO - Ch\u00e2teau de Laubade\",\"isPartOf\":{\"@id\":\"https:\\\/\\\/www.chateaudelaubade.com\\\/#website\"},\"primaryImageOfPage\":{\"@id\":\"https:\\\/\\\/www.chateaudelaubade.com\\\/en\\\/xo\\\/#primaryimage\"},\"image\":{\"@id\":\"https:\\\/\\\/www.chateaudelaubade.com\\\/en\\\/xo\\\/#primaryimage\"},\"thumbnailUrl\":\"https:\\\/\\\/www.chateaudelaubade.com\\\/inc\\\/uploads\\\/2023\\\/02\\\/xo_pack.jpg\",\"datePublished\":\"2023-02-12T15:40:04+00:00\",\"dateModified\":\"2023-04-19T13:47:48+00:00\",\"description\":\"Ch\u00e2teau de Laubade XO is an elixir that radiates with its unique and timeless character. Aging 15 to 25 years.\",\"breadcrumb\":{\"@id\":\"https:\\\/\\\/www.chateaudelaubade.com\\\/en\\\/xo\\\/#breadcrumb\"},\"inLanguage\":\"en-US\",\"potentialAction\":[{\"@type\":\"ReadAction\",\"target\":[\"https:\\\/\\\/www.chateaudelaubade.com\\\/en\\\/xo\\\/\"]}]},{\"@type\":\"ImageObject\",\"inLanguage\":\"en-US\",\"@id\":\"https:\\\/\\\/www.chateaudelaubade.com\\\/en\\\/xo\\\/#primaryimage\",\"url\":\"https:\\\/\\\/www.chateaudelaubade.com\\\/inc\\\/uploads\\\/2023\\\/02\\\/xo_pack.jpg\",\"contentUrl\":\"https:\\\/\\\/www.chateaudelaubade.com\\\/inc\\\/uploads\\\/2023\\\/02\\\/xo_pack.jpg\"},{\"@type\":\"BreadcrumbList\",\"@id\":\"https:\\\/\\\/www.chateaudelaubade.com\\\/en\\\/xo\\\/#breadcrumb\",\"itemListElement\":[{\"@type\":\"ListItem\",\"position\":1,\"name\":\"Accueil\",\"item\":\"https:\\\/\\\/www.chateaudelaubade.com\\\/en\\\/\"},{\"@type\":\"ListItem\",\"position\":2,\"name\":\"XO\"}]},{\"@type\":\"WebSite\",\"@id\":\"https:\\\/\\\/www.chateaudelaubade.com\\\/#website\",\"url\":\"https:\\\/\\\/www.chateaudelaubade.com\\\/\",\"name\":\"Ch\u00e2teau De Laubade, Propri\u00e9t\u00e9 familiale en Bas-Armagnac\",\"description\":\"Le Ch\u00e2teau de Laubade, b\u00e2ti en 1870, est aujourd&#039;hui la premi\u00e8re propri\u00e9t\u00e9 d&#039;Armagnac constitu\u00e9e de 105 hectares de vignes d&#039;un seul tenant.\",\"publisher\":{\"@id\":\"https:\\\/\\\/www.chateaudelaubade.com\\\/#organization\"},\"potentialAction\":[{\"@type\":\"SearchAction\",\"target\":{\"@type\":\"EntryPoint\",\"urlTemplate\":\"https:\\\/\\\/www.chateaudelaubade.com\\\/?s={search_term_string}\"},\"query-input\":{\"@type\":\"PropertyValueSpecification\",\"valueRequired\":true,\"valueName\":\"search_term_string\"}}],\"inLanguage\":\"en-US\"},{\"@type\":\"Organization\",\"@id\":\"https:\\\/\\\/www.chateaudelaubade.com\\\/#organization\",\"name\":\"Ch\u00e2teau De Laubade, Propri\u00e9t\u00e9 familiale en Bas-Armagnac\",\"url\":\"https:\\\/\\\/www.chateaudelaubade.com\\\/\",\"logo\":{\"@type\":\"ImageObject\",\"inLanguage\":\"en-US\",\"@id\":\"https:\\\/\\\/www.chateaudelaubade.com\\\/#\\\/schema\\\/logo\\\/image\\\/\",\"url\":\"https:\\\/\\\/www.chateaudelaubade.com\\\/inc\\\/uploads\\\/2023\\\/02\\\/favicon.png\",\"contentUrl\":\"https:\\\/\\\/www.chateaudelaubade.com\\\/inc\\\/uploads\\\/2023\\\/02\\\/favicon.png\",\"width\":512,\"height\":512,\"caption\":\"Ch\u00e2teau De Laubade, Propri\u00e9t\u00e9 familiale en Bas-Armagnac\"},\"image\":{\"@id\":\"https:\\\/\\\/www.chateaudelaubade.com\\\/#\\\/schema\\\/logo\\\/image\\\/\"}}]}<\/script>\n ","yoast_head_json":{"title":"XO - Ch\u00e2teau de Laubade","description":"Ch\u00e2teau de Laubade XO is an elixir that radiates with its unique and timeless character. Aging 15 to 25 years.","robots":{"index":"index","follow":"follow","max-snippet":"max-snippet:-1","max-image-preview":"max-image-preview:large","max-video-preview":"max-video-preview:-1"},"canonical":"https:\/\/www.chateaudelaubade.com\/en\/xo\/","og_locale":"en_US","og_type":"article","og_title":"XO - Ch\u00e2teau de Laubade","og_description":"Ch\u00e2teau de Laubade XO is an elixir that radiates with its unique and timeless character. Aging 15 to 25 years.","og_url":"https:\/\/www.chateaudelaubade.com\/en\/xo\/","og_site_name":"Ch\u00e2teau De Laubade, Propri\u00e9t\u00e9 familiale en Bas Armagnac","article_modified_time":"2023-04-19T13:47:48+00:00","og_image":[{"url":"https:\/\/www.chateaudelaubade.com\/file\/2023\/02\/xo_pack.jpg","type":"","width":"","height":""}],"twitter_card":"summary_large_image","twitter_misc":{"Est. reading time":"2 minutes"},"schema":{"@context":"https:\/\/schema.org","@graph":[{"@type":"WebPage","@id":"https:\/\/www.chateaudelaubade.com\/en\/xo\/","url":"https:\/\/www.chateaudelaubade.com\/en\/xo\/","name":"XO - Ch\u00e2teau de Laubade","isPartOf":{"@id":"https:\/\/www.chateaudelaubade.com\/#website"},"primaryImageOfPage":{"@id":"https:\/\/www.chateaudelaubade.com\/en\/xo\/#primaryimage"},"image":{"@id":"https:\/\/www.chateaudelaubade.com\/en\/xo\/#primaryimage"},"thumbnailUrl":"https:\/\/www.chateaudelaubade.com\/file\/2023\/02\/xo_pack.jpg","datePublished":"2023-02-12T15:40:04+00:00","dateModified":"2023-04-19T13:47:48+00:00","description":"Ch\u00e2teau de Laubade XO is an elixir that radiates with its unique and timeless character. Aging 15 to 25 years.","breadcrumb":{"@id":"https:\/\/www.chateaudelaubade.com\/en\/xo\/#breadcrumb"},"inLanguage":"en-US","potentialAction":[{"@type":"ReadAction","target":["https:\/\/www.chateaudelaubade.com\/en\/xo\/"]}]},{"@type":"ImageObject","inLanguage":"en-US","@id":"https:\/\/www.chateaudelaubade.com\/en\/xo\/#primaryimage","url":"https:\/\/www.chateaudelaubade.com\/file\/2023\/02\/xo_pack.jpg","contentUrl":"https:\/\/www.chateaudelaubade.com\/file\/2023\/02\/xo_pack.jpg"},{"@type":"BreadcrumbList","@id":"https:\/\/www.chateaudelaubade.com\/en\/xo\/#breadcrumb","itemListElement":[{"@type":"ListItem","position":1,"name":"Accueil","item":"https:\/\/www.chateaudelaubade.com\/en\/"},{"@type":"ListItem","position":2,"name":"XO"}]},{"@type":"WebSite","@id":"https:\/\/www.chateaudelaubade.com\/#website","url":"https:\/\/www.chateaudelaubade.com\/","name":"Ch\u00e2teau De Laubade, Propri\u00e9t\u00e9 familiale en Bas-Armagnac","description":"Le Ch\u00e2teau de Laubade, b\u00e2ti en 1870, est aujourd&#039;hui la premi\u00e8re propri\u00e9t\u00e9 d&#039;Armagnac constitu\u00e9e de 105 hectares de vignes d&#039;un seul tenant.","publisher":{"@id":"https:\/\/www.chateaudelaubade.com\/#organization"},"potentialAction":[{"@type":"SearchAction","target":{"@type":"EntryPoint","urlTemplate":"https:\/\/www.chateaudelaubade.com\/?s={search_term_string}"},"query-input":{"@type":"PropertyValueSpecification","valueRequired":true,"valueName":"search_term_string"}}],"inLanguage":"en-US"},{"@type":"Organization","@id":"https:\/\/www.chateaudelaubade.com\/#organization","name":"Ch\u00e2teau De Laubade, Propri\u00e9t\u00e9 familiale en Bas-Armagnac","url":"https:\/\/www.chateaudelaubade.com\/","logo":{"@type":"ImageObject","inLanguage":"en-US","@id":"https:\/\/www.chateaudelaubade.com\/#\/schema\/logo\/image\/","url":"https:\/\/www.chateaudelaubade.com\/file\/2023\/02\/favicon.png","contentUrl":"https:\/\/www.chateaudelaubade.com\/file\/2023\/02\/favicon.png","width":512,"height":512,"caption":"Ch\u00e2teau De Laubade, Propri\u00e9t\u00e9 familiale en Bas-Armagnac"},"image":{"@id":"https:\/\/www.chateaudelaubade.com\/#\/schema\/logo\/image\/"}}]}},"_links":{"self":[{"href":"https:\/\/www.chateaudelaubade.com\/en\/wp-json\/wp\/v2\/pages\/852","targetHints":{"allow":["GET"]}}],"collection":[{"href":"https:\/\/www.chateaudelaubade.com\/en\/wp-json\/wp\/v2\/pages"}],"about":[{"href":"https:\/\/www.chateaudelaubade.com\/en\/wp-json\/wp\/v2\/types\/page"}],"author":[{"embeddable":true,"href":"https:\/\/www.chateaudelaubade.com\/en\/wp-json\/wp\/v2\/users\/1"}],"replies":[{"embeddable":true,"href":"https:\/\/www.chateaudelaubade.com\/en\/wp-json\/wp\/v2\/comments?post=852"}],"version-history":[{"count":2,"href":"https:\/\/www.chateaudelaubade.com\/en\/wp-json\/wp\/v2\/pages\/852\/revisions"}],"predecessor-version":[{"id":891,"href":"https:\/\/www.chateaudelaubade.com\/en\/wp-json\/wp\/v2\/pages\/852\/revisions\/891"}],"wp:attachment":[{"href":"https:\/\/www.chateaudelaubade.com\/en\/wp-json\/wp\/v2\/media?parent=852"}],"curies":[{"name":"wp","href":"https:\/\/api.w.org\/{rel}","templated":true}]}}